{"id":1188,"date":"2016-05-05T23:46:51","date_gmt":"2016-05-05T23:46:51","guid":{"rendered":"https:\/\/vigorous-einstein.82-165-3-172.plesk.page\/ca\/colombia\/"},"modified":"2018-04-16T10:40:14","modified_gmt":"2018-04-16T10:40:14","slug":"colombia","status":"publish","type":"page","link":"https:\/\/vigorous-einstein.82-165-3-172.plesk.page\/ca\/colombia\/","title":{"rendered":"Col\u00f2mbia"},"content":{"rendered":"<h2><strong>El pa\u00eds<\/strong><\/h2>\n<p>La Rep\u00fablica de Col\u00f2mbia \u00e9s un <strong>pa\u00eds llatinoameric\u00e0<\/strong> que es troba a l&#8217;extrem nord-oest d\u2019Am\u00e8rica del Sud. \u00c9s el quart pa\u00eds per grand\u00e0ria de la regi\u00f3 i el segon en poblaci\u00f3. Per la seva localitzaci\u00f3, t\u00e9 una gran <strong>import\u00e0ncia geoestrat\u00e8gica<\/strong>, en trobar-se entre els dos oceans (Atl\u00e0ntic i Pac\u00edfic) i actuar com a porta d\u2019entrada al subcontinent, situant-se a la frontera natural amb Am\u00e8rica Central.<\/p>\n<p>Col\u00f2mbia \u00e9s <strong>molt rica en recursos<\/strong> naturals. T\u00e9 unes condicions clim\u00e0tiques excel\u00b7lents per a l\u2019agricultura i la ramaderia, i una enorme riquesa mineral en el subs\u00f2l. Alhora, \u00e9s un pa\u00eds <strong>profundament desigual<\/strong>, en el qual existeix una gran bretxa estructural entre les grans ciutats i les zones rurals, habitades en la seva majoria per poblaci\u00f3 <strong>camperola, ind\u00edgena i afrodescendent<\/strong>.<\/p>\n<p>Aquesta desigualtat ha estat un dels factors clau en el <strong>conflicte armat<\/strong> que ha marcat la vida pol\u00edtica, social i econ\u00f2mica durant m\u00e9s de 50 anys.<\/p>\n<p>&nbsp;<\/p>\n<h2>Algunes dades de Col\u00f2mbia:<\/h2>\n\n\t\t<style type=\"text\/css\">\n\t\t\t#gallery-1 {\n\t\t\t\tmargin: auto;\n\t\t\t}\n\t\t\t#gallery-1 .gallery-item {\n\t\t\t\tfloat: left;\n\t\t\t\tmargin-top: 10px;\n\t\t\t\ttext-align: center;\n\t\t\t\twidth: 33%;\n\t\t\t}\n\t\t\t#gallery-1 img {\n\t\t\t\tborder: 2px solid #cfcfcf;\n\t\t\t}\n\t\t\t#gallery-1 .gallery-caption {\n\t\t\t\tmargin-left: 0;\n\t\t\t}\n\t\t\t\/* see gallery_shortcode() in wp-includes\/media.php *\/\n\t\t<\/style>\n\t\t<div id='gallery-1' class='gallery galleryid-1188 gallery-columns-3 gallery-size-thumbnail'><dl class='gallery-item'>\n\t\t\t<dt class='gallery-icon landscape'>\n\t\t\t\t<a href='https:\/\/vigorous-einstein.82-165-3-172.plesk.page\/ca\/colombia\/iap-web_infografias-02-2\/'><img decoding=\"async\" width=\"150\" height=\"150\" data-src=\"https:\/\/vigorous-einstein.82-165-3-172.plesk.page\/wp-content\/uploads\/2016\/05\/IAP-WEB_INFOGRAFIAS-02-150x150.png\" class=\"attachment-thumbnail size-thumbnail lazyload\" alt=\"\" data-srcset=\"https:\/\/vigorous-einstein.82-165-3-172.plesk.page\/wp-content\/uploads\/2016\/05\/IAP-WEB_INFOGRAFIAS-02-150x150.png 150w, https:\/\/vigorous-einstein.82-165-3-172.plesk.page\/wp-content\/uploads\/2016\/05\/IAP-WEB_INFOGRAFIAS-02-80x80.png 80w\" data-sizes=\"(max-width: 150px) 100vw, 150px\" src=\"data:image\/svg+xml;base64,PHN2ZyB3aWR0aD0iMSIgaGVpZ2h0PSIxIiB4bWxucz0iaHR0cDovL3d3dy53My5vcmcvMjAwMC9zdmciPjwvc3ZnPg==\" style=\"--smush-placeholder-width: 150px; --smush-placeholder-aspect-ratio: 150\/150;\" \/><\/a>\n\t\t\t<\/dt><\/dl><dl class='gallery-item'>\n\t\t\t<dt class='gallery-icon landscape'>\n\t\t\t\t<a href='https:\/\/vigorous-einstein.82-165-3-172.plesk.page\/ca\/colombia\/iap-web_infografias-03-2\/'><img decoding=\"async\" width=\"150\" height=\"150\" data-src=\"https:\/\/vigorous-einstein.82-165-3-172.plesk.page\/wp-content\/uploads\/2016\/05\/IAP-WEB_INFOGRAFIAS-03-150x150.png\" class=\"attachment-thumbnail size-thumbnail lazyload\" alt=\"\" data-srcset=\"https:\/\/vigorous-einstein.82-165-3-172.plesk.page\/wp-content\/uploads\/2016\/05\/IAP-WEB_INFOGRAFIAS-03-150x150.png 150w, https:\/\/vigorous-einstein.82-165-3-172.plesk.page\/wp-content\/uploads\/2016\/05\/IAP-WEB_INFOGRAFIAS-03-80x80.png 80w\" data-sizes=\"(max-width: 150px) 100vw, 150px\" src=\"data:image\/svg+xml;base64,PHN2ZyB3aWR0aD0iMSIgaGVpZ2h0PSIxIiB4bWxucz0iaHR0cDovL3d3dy53My5vcmcvMjAwMC9zdmciPjwvc3ZnPg==\" style=\"--smush-placeholder-width: 150px; --smush-placeholder-aspect-ratio: 150\/150;\" \/><\/a>\n\t\t\t<\/dt><\/dl><dl class='gallery-item'>\n\t\t\t<dt class='gallery-icon landscape'>\n\t\t\t\t<a href='https:\/\/vigorous-einstein.82-165-3-172.plesk.page\/ca\/colombia\/iap-web_infografias-04-2\/'><img decoding=\"async\" width=\"150\" height=\"150\" data-src=\"https:\/\/vigorous-einstein.82-165-3-172.plesk.page\/wp-content\/uploads\/2016\/05\/IAP-WEB_INFOGRAFIAS-04-150x150.png\" class=\"attachment-thumbnail size-thumbnail lazyload\" alt=\"\" data-srcset=\"https:\/\/vigorous-einstein.82-165-3-172.plesk.page\/wp-content\/uploads\/2016\/05\/IAP-WEB_INFOGRAFIAS-04-150x150.png 150w, https:\/\/vigorous-einstein.82-165-3-172.plesk.page\/wp-content\/uploads\/2016\/05\/IAP-WEB_INFOGRAFIAS-04-80x80.png 80w\" data-sizes=\"(max-width: 150px) 100vw, 150px\" src=\"data:image\/svg+xml;base64,PHN2ZyB3aWR0aD0iMSIgaGVpZ2h0PSIxIiB4bWxucz0iaHR0cDovL3d3dy53My5vcmcvMjAwMC9zdmciPjwvc3ZnPg==\" style=\"--smush-placeholder-width: 150px; --smush-placeholder-aspect-ratio: 150\/150;\" \/><\/a>\n\t\t\t<\/dt><\/dl><br style=\"clear: both\" \/><dl class='gallery-item'>\n\t\t\t<dt class='gallery-icon landscape'>\n\t\t\t\t<a href='https:\/\/vigorous-einstein.82-165-3-172.plesk.page\/ca\/colombia\/iap-web_infografias-05-2\/'><img decoding=\"async\" width=\"150\" height=\"150\" data-src=\"https:\/\/vigorous-einstein.82-165-3-172.plesk.page\/wp-content\/uploads\/2016\/05\/IAP-WEB_INFOGRAFIAS-05-150x150.png\" class=\"attachment-thumbnail size-thumbnail lazyload\" alt=\"\" data-srcset=\"https:\/\/vigorous-einstein.82-165-3-172.plesk.page\/wp-content\/uploads\/2016\/05\/IAP-WEB_INFOGRAFIAS-05-150x150.png 150w, https:\/\/vigorous-einstein.82-165-3-172.plesk.page\/wp-content\/uploads\/2016\/05\/IAP-WEB_INFOGRAFIAS-05-80x80.png 80w\" data-sizes=\"(max-width: 150px) 100vw, 150px\" src=\"data:image\/svg+xml;base64,PHN2ZyB3aWR0aD0iMSIgaGVpZ2h0PSIxIiB4bWxucz0iaHR0cDovL3d3dy53My5vcmcvMjAwMC9zdmciPjwvc3ZnPg==\" style=\"--smush-placeholder-width: 150px; --smush-placeholder-aspect-ratio: 150\/150;\" \/><\/a>\n\t\t\t<\/dt><\/dl>\n\t\t\t<br style='clear: both' \/>\n\t\t<\/div>\n\n<p>&nbsp;<\/p>\n","protected":false},"excerpt":{"rendered":"<p>El pa\u00eds La Rep\u00fablica de Col\u00f2mbia \u00e9s un pa\u00eds llatinoameric\u00e0 que es troba a l&#8217;extrem nord-oest d\u2019Am\u00e8rica del Sud. \u00c9s el quart pa\u00eds per grand\u00e0ria de la regi\u00f3 i el segon en poblaci\u00f3. Per la seva localitzaci\u00f3, t\u00e9 una gran import\u00e0ncia geoestrat\u00e8gica, en trobar-se entre els dos oceans (Atl\u00e0ntic i Pac\u00edfic) i actuar com a [&hellip;]<\/p>\n","protected":false},"author":3,"featured_media":472,"parent":0,"menu_order":5,"comment_status":"closed","ping_status":"closed","template":"","meta":{"_et_pb_use_builder":"","_et_pb_old_content":"","_et_gb_content_width":"","footnotes":""},"class_list":["post-1188","page","type-page","status-publish","has-post-thumbnail","hentry"],"yoast_head":"<!-- This site is optimized with the Yoast SEO plugin v27.5 - https:\/\/yoast.com\/product\/yoast-seo-wordpress\/ -->\n<title>Col\u00f2mbia - IAP | International Action For Peace<\/title>\n<meta name=\"robots\" content=\"index, follow, max-snippet:-1, max-image-preview:large, max-video-preview:-1\" \/>\n<link rel=\"canonical\" href=\"https:\/\/vigorous-einstein.82-165-3-172.plesk.page\/ca\/colombia\/\" \/>\n<meta property=\"og:locale\" content=\"ca_ES\" \/>\n<meta property=\"og:type\" content=\"article\" \/>\n<meta property=\"og:title\" content=\"Col\u00f2mbia - IAP | International Action For Peace\" \/>\n<meta property=\"og:description\" content=\"El pa\u00eds La Rep\u00fablica de Col\u00f2mbia \u00e9s un pa\u00eds llatinoameric\u00e0 que es troba a l&#8217;extrem nord-oest d\u2019Am\u00e8rica del Sud. \u00c9s el quart pa\u00eds per grand\u00e0ria de la regi\u00f3 i el segon en poblaci\u00f3. Per la seva localitzaci\u00f3, t\u00e9 una gran import\u00e0ncia geoestrat\u00e8gica, en trobar-se entre els dos oceans (Atl\u00e0ntic i Pac\u00edfic) i actuar com a [&hellip;]\" \/>\n<meta property=\"og:url\" content=\"https:\/\/vigorous-einstein.82-165-3-172.plesk.page\/ca\/colombia\/\" \/>\n<meta property=\"og:site_name\" content=\"IAP | International Action For Peace\" \/>\n<meta property=\"article:publisher\" content=\"https:\/\/www.facebook.com\/IapActionpeace\" \/>\n<meta property=\"article:modified_time\" content=\"2018-04-16T10:40:14+00:00\" \/>\n<meta property=\"og:image\" content=\"https:\/\/vigorous-einstein.82-165-3-172.plesk.page\/wp-content\/uploads\/2016\/05\/20160810_073639.jpg\" \/>\n\t<meta property=\"og:image:width\" content=\"2048\" \/>\n\t<meta property=\"og:image:height\" content=\"1229\" \/>\n\t<meta property=\"og:image:type\" content=\"image\/jpeg\" \/>\n<meta name=\"twitter:card\" content=\"summary_large_image\" \/>\n<meta name=\"twitter:site\" content=\"@iap_actionpeace\" \/>\n<meta name=\"twitter:label1\" content=\"Temps estimat de lectura\" \/>\n\t<meta name=\"twitter:data1\" content=\"1 minut\" \/>\n<script type=\"application\/ld+json\" class=\"yoast-schema-graph\">{\"@context\":\"https:\\\/\\\/schema.org\",\"@graph\":[{\"@type\":\"WebPage\",\"@id\":\"https:\\\/\\\/vigorous-einstein.82-165-3-172.plesk.page\\\/ca\\\/colombia\\\/\",\"url\":\"https:\\\/\\\/vigorous-einstein.82-165-3-172.plesk.page\\\/ca\\\/colombia\\\/\",\"name\":\"Col\u00f2mbia - IAP | International Action For Peace\",\"isPartOf\":{\"@id\":\"https:\\\/\\\/vigorous-einstein.82-165-3-172.plesk.page\\\/ca\\\/#website\"},\"primaryImageOfPage\":{\"@id\":\"https:\\\/\\\/vigorous-einstein.82-165-3-172.plesk.page\\\/ca\\\/colombia\\\/#primaryimage\"},\"image\":{\"@id\":\"https:\\\/\\\/vigorous-einstein.82-165-3-172.plesk.page\\\/ca\\\/colombia\\\/#primaryimage\"},\"thumbnailUrl\":\"https:\\\/\\\/vigorous-einstein.82-165-3-172.plesk.page\\\/wp-content\\\/uploads\\\/2016\\\/05\\\/20160810_073639.jpg\",\"datePublished\":\"2016-05-05T23:46:51+00:00\",\"dateModified\":\"2018-04-16T10:40:14+00:00\",\"breadcrumb\":{\"@id\":\"https:\\\/\\\/vigorous-einstein.82-165-3-172.plesk.page\\\/ca\\\/colombia\\\/#breadcrumb\"},\"inLanguage\":\"ca\",\"potentialAction\":[{\"@type\":\"ReadAction\",\"target\":[\"https:\\\/\\\/vigorous-einstein.82-165-3-172.plesk.page\\\/ca\\\/colombia\\\/\"]}]},{\"@type\":\"ImageObject\",\"inLanguage\":\"ca\",\"@id\":\"https:\\\/\\\/vigorous-einstein.82-165-3-172.plesk.page\\\/ca\\\/colombia\\\/#primaryimage\",\"url\":\"https:\\\/\\\/vigorous-einstein.82-165-3-172.plesk.page\\\/wp-content\\\/uploads\\\/2016\\\/05\\\/20160810_073639.jpg\",\"contentUrl\":\"https:\\\/\\\/vigorous-einstein.82-165-3-172.plesk.page\\\/wp-content\\\/uploads\\\/2016\\\/05\\\/20160810_073639.jpg\",\"width\":2048,\"height\":1229},{\"@type\":\"BreadcrumbList\",\"@id\":\"https:\\\/\\\/vigorous-einstein.82-165-3-172.plesk.page\\\/ca\\\/colombia\\\/#breadcrumb\",\"itemListElement\":[{\"@type\":\"ListItem\",\"position\":1,\"name\":\"Inici\",\"item\":\"https:\\\/\\\/vigorous-einstein.82-165-3-172.plesk.page\\\/ca\\\/\"},{\"@type\":\"ListItem\",\"position\":2,\"name\":\"Col\u00f2mbia\"}]},{\"@type\":\"WebSite\",\"@id\":\"https:\\\/\\\/vigorous-einstein.82-165-3-172.plesk.page\\\/ca\\\/#website\",\"url\":\"https:\\\/\\\/vigorous-einstein.82-165-3-172.plesk.page\\\/ca\\\/\",\"name\":\"IAP | International Action For Peace\",\"description\":\"IAP\",\"publisher\":{\"@id\":\"https:\\\/\\\/vigorous-einstein.82-165-3-172.plesk.page\\\/ca\\\/#organization\"},\"potentialAction\":[{\"@type\":\"SearchAction\",\"target\":{\"@type\":\"EntryPoint\",\"urlTemplate\":\"https:\\\/\\\/vigorous-einstein.82-165-3-172.plesk.page\\\/ca\\\/?s={search_term_string}\"},\"query-input\":{\"@type\":\"PropertyValueSpecification\",\"valueRequired\":true,\"valueName\":\"search_term_string\"}}],\"inLanguage\":\"ca\"},{\"@type\":\"Organization\",\"@id\":\"https:\\\/\\\/vigorous-einstein.82-165-3-172.plesk.page\\\/ca\\\/#organization\",\"name\":\"Action Peace\",\"url\":\"https:\\\/\\\/vigorous-einstein.82-165-3-172.plesk.page\\\/ca\\\/\",\"logo\":{\"@type\":\"ImageObject\",\"inLanguage\":\"ca\",\"@id\":\"https:\\\/\\\/vigorous-einstein.82-165-3-172.plesk.page\\\/ca\\\/#\\\/schema\\\/logo\\\/image\\\/\",\"url\":\"https:\\\/\\\/vigorous-einstein.82-165-3-172.plesk.page\\\/wp-content\\\/uploads\\\/2022\\\/02\\\/logo-international-action-for-peace.png\",\"contentUrl\":\"https:\\\/\\\/vigorous-einstein.82-165-3-172.plesk.page\\\/wp-content\\\/uploads\\\/2022\\\/02\\\/logo-international-action-for-peace.png\",\"width\":650,\"height\":157,\"caption\":\"Action Peace\"},\"image\":{\"@id\":\"https:\\\/\\\/vigorous-einstein.82-165-3-172.plesk.page\\\/ca\\\/#\\\/schema\\\/logo\\\/image\\\/\"},\"sameAs\":[\"https:\\\/\\\/www.facebook.com\\\/IapActionpeace\",\"https:\\\/\\\/x.com\\\/iap_actionpeace\",\"https:\\\/\\\/www.instagram.com\\\/iap_actionpeace\\\/\",\"https:\\\/\\\/www.youtube.com\\\/channel\\\/UCk0Mst1cXUwqnpTjtjNYy3w\"]}]}<\/script>\n<!-- \/ Yoast SEO plugin. -->","yoast_head_json":{"title":"Col\u00f2mbia - IAP | International Action For Peace","robots":{"index":"index","follow":"follow","max-snippet":"max-snippet:-1","max-image-preview":"max-image-preview:large","max-video-preview":"max-video-preview:-1"},"canonical":"https:\/\/vigorous-einstein.82-165-3-172.plesk.page\/ca\/colombia\/","og_locale":"ca_ES","og_type":"article","og_title":"Col\u00f2mbia - IAP | International Action For Peace","og_description":"El pa\u00eds La Rep\u00fablica de Col\u00f2mbia \u00e9s un pa\u00eds llatinoameric\u00e0 que es troba a l&#8217;extrem nord-oest d\u2019Am\u00e8rica del Sud. \u00c9s el quart pa\u00eds per grand\u00e0ria de la regi\u00f3 i el segon en poblaci\u00f3. Per la seva localitzaci\u00f3, t\u00e9 una gran import\u00e0ncia geoestrat\u00e8gica, en trobar-se entre els dos oceans (Atl\u00e0ntic i Pac\u00edfic) i actuar com a [&hellip;]","og_url":"https:\/\/vigorous-einstein.82-165-3-172.plesk.page\/ca\/colombia\/","og_site_name":"IAP | International Action For Peace","article_publisher":"https:\/\/www.facebook.com\/IapActionpeace","article_modified_time":"2018-04-16T10:40:14+00:00","og_image":[{"width":2048,"height":1229,"url":"https:\/\/vigorous-einstein.82-165-3-172.plesk.page\/wp-content\/uploads\/2016\/05\/20160810_073639.jpg","type":"image\/jpeg"}],"twitter_card":"summary_large_image","twitter_site":"@iap_actionpeace","twitter_misc":{"Temps estimat de lectura":"1 minut"},"schema":{"@context":"https:\/\/schema.org","@graph":[{"@type":"WebPage","@id":"https:\/\/vigorous-einstein.82-165-3-172.plesk.page\/ca\/colombia\/","url":"https:\/\/vigorous-einstein.82-165-3-172.plesk.page\/ca\/colombia\/","name":"Col\u00f2mbia - IAP | International Action For Peace","isPartOf":{"@id":"https:\/\/vigorous-einstein.82-165-3-172.plesk.page\/ca\/#website"},"primaryImageOfPage":{"@id":"https:\/\/vigorous-einstein.82-165-3-172.plesk.page\/ca\/colombia\/#primaryimage"},"image":{"@id":"https:\/\/vigorous-einstein.82-165-3-172.plesk.page\/ca\/colombia\/#primaryimage"},"thumbnailUrl":"https:\/\/vigorous-einstein.82-165-3-172.plesk.page\/wp-content\/uploads\/2016\/05\/20160810_073639.jpg","datePublished":"2016-05-05T23:46:51+00:00","dateModified":"2018-04-16T10:40:14+00:00","breadcrumb":{"@id":"https:\/\/vigorous-einstein.82-165-3-172.plesk.page\/ca\/colombia\/#breadcrumb"},"inLanguage":"ca","potentialAction":[{"@type":"ReadAction","target":["https:\/\/vigorous-einstein.82-165-3-172.plesk.page\/ca\/colombia\/"]}]},{"@type":"ImageObject","inLanguage":"ca","@id":"https:\/\/vigorous-einstein.82-165-3-172.plesk.page\/ca\/colombia\/#primaryimage","url":"https:\/\/vigorous-einstein.82-165-3-172.plesk.page\/wp-content\/uploads\/2016\/05\/20160810_073639.jpg","contentUrl":"https:\/\/vigorous-einstein.82-165-3-172.plesk.page\/wp-content\/uploads\/2016\/05\/20160810_073639.jpg","width":2048,"height":1229},{"@type":"BreadcrumbList","@id":"https:\/\/vigorous-einstein.82-165-3-172.plesk.page\/ca\/colombia\/#breadcrumb","itemListElement":[{"@type":"ListItem","position":1,"name":"Inici","item":"https:\/\/vigorous-einstein.82-165-3-172.plesk.page\/ca\/"},{"@type":"ListItem","position":2,"name":"Col\u00f2mbia"}]},{"@type":"WebSite","@id":"https:\/\/vigorous-einstein.82-165-3-172.plesk.page\/ca\/#website","url":"https:\/\/vigorous-einstein.82-165-3-172.plesk.page\/ca\/","name":"IAP | International Action For Peace","description":"IAP","publisher":{"@id":"https:\/\/vigorous-einstein.82-165-3-172.plesk.page\/ca\/#organization"},"potentialAction":[{"@type":"SearchAction","target":{"@type":"EntryPoint","urlTemplate":"https:\/\/vigorous-einstein.82-165-3-172.plesk.page\/ca\/?s={search_term_string}"},"query-input":{"@type":"PropertyValueSpecification","valueRequired":true,"valueName":"search_term_string"}}],"inLanguage":"ca"},{"@type":"Organization","@id":"https:\/\/vigorous-einstein.82-165-3-172.plesk.page\/ca\/#organization","name":"Action Peace","url":"https:\/\/vigorous-einstein.82-165-3-172.plesk.page\/ca\/","logo":{"@type":"ImageObject","inLanguage":"ca","@id":"https:\/\/vigorous-einstein.82-165-3-172.plesk.page\/ca\/#\/schema\/logo\/image\/","url":"https:\/\/vigorous-einstein.82-165-3-172.plesk.page\/wp-content\/uploads\/2022\/02\/logo-international-action-for-peace.png","contentUrl":"https:\/\/vigorous-einstein.82-165-3-172.plesk.page\/wp-content\/uploads\/2022\/02\/logo-international-action-for-peace.png","width":650,"height":157,"caption":"Action Peace"},"image":{"@id":"https:\/\/vigorous-einstein.82-165-3-172.plesk.page\/ca\/#\/schema\/logo\/image\/"},"sameAs":["https:\/\/www.facebook.com\/IapActionpeace","https:\/\/x.com\/iap_actionpeace","https:\/\/www.instagram.com\/iap_actionpeace\/","https:\/\/www.youtube.com\/channel\/UCk0Mst1cXUwqnpTjtjNYy3w"]}]}},"_links":{"self":[{"href":"https:\/\/vigorous-einstein.82-165-3-172.plesk.page\/ca\/wp-json\/wp\/v2\/pages\/1188","targetHints":{"allow":["GET"]}}],"collection":[{"href":"https:\/\/vigorous-einstein.82-165-3-172.plesk.page\/ca\/wp-json\/wp\/v2\/pages"}],"about":[{"href":"https:\/\/vigorous-einstein.82-165-3-172.plesk.page\/ca\/wp-json\/wp\/v2\/types\/page"}],"author":[{"embeddable":true,"href":"https:\/\/vigorous-einstein.82-165-3-172.plesk.page\/ca\/wp-json\/wp\/v2\/users\/3"}],"replies":[{"embeddable":true,"href":"https:\/\/vigorous-einstein.82-165-3-172.plesk.page\/ca\/wp-json\/wp\/v2\/comments?post=1188"}],"version-history":[{"count":5,"href":"https:\/\/vigorous-einstein.82-165-3-172.plesk.page\/ca\/wp-json\/wp\/v2\/pages\/1188\/revisions"}],"predecessor-version":[{"id":2015,"href":"https:\/\/vigorous-einstein.82-165-3-172.plesk.page\/ca\/wp-json\/wp\/v2\/pages\/1188\/revisions\/2015"}],"wp:featuredmedia":[{"embeddable":true,"href":"https:\/\/vigorous-einstein.82-165-3-172.plesk.page\/ca\/wp-json\/wp\/v2\/media\/472"}],"wp:attachment":[{"href":"https:\/\/vigorous-einstein.82-165-3-172.plesk.page\/ca\/wp-json\/wp\/v2\/media?parent=1188"}],"curies":[{"name":"wp","href":"https:\/\/api.w.org\/{rel}","templated":true}]}}