{"id":1199,"date":"2017-06-21T10:10:48","date_gmt":"2017-06-21T10:10:48","guid":{"rendered":"https:\/\/vigorous-einstein.82-165-3-172.plesk.page\/ca\/voluntariado\/voluntariado-internacional\/"},"modified":"2021-01-13T09:20:07","modified_gmt":"2021-01-13T09:20:07","slug":"voluntariat-internacional","status":"publish","type":"page","link":"https:\/\/vigorous-einstein.82-165-3-172.plesk.page\/ca\/voluntariado\/voluntariat-internacional\/","title":{"rendered":"Voluntariat internacional"},"content":{"rendered":"<p>A IAP comptem amb un <strong>equip permanent de voluntaris i volunt\u00e0ries<\/strong> a Col\u00f2mbia, que realitzen la important labor <strong>d\u2019acompanyament internacional<\/strong>. Per a formar part d\u2019aquest equip, \u00e9s necessari completar amb \u00e8xit un proc\u00e9s de <strong>formaci\u00f3 i selecci\u00f3<\/strong>, que realitzem peri\u00f2dicament segons les necessitats de les organitzacions que acompanyem i el context del pa\u00eds.<\/p>\n<p>Si est\u00e0s interessat, <strong>llegeix amb atenci\u00f3<\/strong> els seg\u00fcents apartats. Pots mantenir-te informat sobre les nostres <strong>convocat\u00f2ries<\/strong> a la nostra web, bollet\u00ed i xarxes socials.<\/p>\n<p>El proc\u00e9s de selecci\u00f3 est\u00e0 <strong>obert fins al 14 de febrer de 2021<\/strong>.<\/p>\n<p>[accordion clicktoclose=true][accordion-item title=&#8221;<strong>Qui pot ser acompanyant internacional?<\/strong>&#8221; state=closed]No existeix un perfil o una titulaci\u00f3 espec\u00edfica per a aquesta feina; no obstant aix\u00f2, s\u00ed que n\u2019hi ha algunes caracter\u00edstiques comunes que busquem a tots i totes les acompanyants:<\/p>\n<ul>\n<li>Entendre i compartir <strong>els principis<\/strong> de l\u2019IAP: noviol\u00e8ncia, solidaritat internacional, equitat de g\u00e8nere i cultura de pau.<\/li>\n<li>Un nivell alt de <strong>castell\u00e0<\/strong>.<\/li>\n<li>Comprom\u00eds amb el projecte. La duraci\u00f3 del voluntariat a terreny \u00e9s de <strong>dotze mesos.<\/strong><\/li>\n<li>Maduresa, \u00e9s imprescindible ser <strong>major d\u2019edat<\/strong> i es recomana ser m\u00e9s gran de 23 anys.<\/li>\n<li>Un bon <strong>estat de salut<\/strong> f\u00edsica i an\u00edmica. Es viatja freq\u00fcentment, i s\u2019han d\u2019assumir situacions d\u2019alt impacte emocional.<\/li>\n<li>Bona predisposici\u00f3 per a conviure i <strong>treballar en grup.<\/strong><\/li>\n<li>Capacitat de <strong>resoldre conflictes<\/strong> i de treballar sota pressi\u00f3.<\/li>\n<li>Coneixements sobre la <strong>realitat pol\u00edtica i social colombiana<\/strong> i llatinoamericana.<\/li>\n<li>Per la mateixa natura de l\u2019acompanyament, <strong>no<\/strong> el poden realitzar persones amb la <strong>nacionalitat colombiana<\/strong>.[\/accordion-item][\/accordion]<\/li>\n<\/ul>\n<p>[accordion clicktoclose=true][accordion-item title=&#8221;<strong>Qu\u00e8 fa un acompanyant internacional?<\/strong>&#8221; state=closed]Els voluntaris i volunt\u00e0ries a terreny de l\u2019IAP s\u2019han d\u2019encarregar dels <a href=\"https:\/\/vigorous-einstein.82-165-3-172.plesk.page\/ca\/iap\/que-hacemos\/acompanamiento-internacional\/\" target=\"_blank\" rel=\"noopener noreferrer\">tres grans pilars de l\u2019acompanyament<\/a>: <strong>pres\u00e8ncia f\u00edsica, incid\u00e8ncia pol\u00edtica i sensibilitzaci\u00f3<\/strong>. L\u2019equip comparteix allotjament i oficina a la ciutat de Barrancabermeja, departament de Santander, a la zona del Magdalena Medio, des del qual es despla\u00e7a a les diferents zones a on acompanyem.<\/p>\n<p>Les <strong>funcions<\/strong> que realitza un acompanyant internacional s\u00f3n:<\/p>\n<ul>\n<li>Acompanyar a <strong>terreny<\/strong> les activitats de les associacions camperoles. Durant els acompanyaments, observar la situaci\u00f3 de drets humans i intervenir en cas que sigui necessari, segons els nostres protocols d\u2019actuaci\u00f3.<\/li>\n<li><strong>Elaborar informes i an\u00e0lisis<\/strong> de context i seguretat.<\/li>\n<li>Participar en <strong>l\u2019agenda d\u2019incid\u00e8ncia<\/strong>, mantenint reunions amb diverses autoritats i altres organitzacions.<\/li>\n<li><strong>Difondre i documentar<\/strong> la nostra activitat i la realitat de les zones rurals de Col\u00f2mbia, mitjan\u00e7ant articles o reportatges, fotos i v\u00eddeos.<\/li>\n<\/ul>\n<p>A m\u00e9s a m\u00e9s, cada voluntari o volunt\u00e0ria es compromet, en la mesura de les seves possibilitats, a <strong>donar suport a l\u2019IAP un cop acabat<\/strong> <strong>el voluntariat<\/strong> internacional, socialitzant la seva experi\u00e8ncia i col\u00b7laborant en activitats de <strong>sensibilitzaci\u00f3<\/strong> i els processos de <strong>formaci\u00f3<\/strong> de nous acompanyants.[\/accordion-item][\/accordion]<\/p>\n<p>[accordion clicktoclose=true][accordion-item title=&#8221;<strong>Qu\u00e8 ofereix IAP als seus acompanyants internacionals?<\/strong>&#8221; state=closed]A l\u2019IAP volem cuidar el millor possible els nostres voluntaris i volunt\u00e0ries, ja que s\u00f3n la base del projecte i del seu bon funcionament. Per aix\u00f2, ens comprometem a oferir <strong>seguretat, formaci\u00f3 i suport econ\u00f2mic<\/strong> a totes les persones de l\u2019equip.<\/p>\n<ul>\n<li>L\u2019IAP compte amb estrictes <strong>protocols<\/strong> de seguretat, una <strong>coordinaci\u00f3<\/strong> a terreny que treballa pel bon funcionament de l\u2019equip i la capacitat d\u2019activar un <strong>pla d\u2019emerg\u00e8ncia<\/strong> a escala internacional en cas que sigui necessari.<\/li>\n<li>La preparaci\u00f3 per a ser acompanyant internacional comen\u00e7a molt abans d\u2019estar a terreny. Tots els voluntaris i volunt\u00e0ries reben una <strong>exhaustiva formaci\u00f3 abans<\/strong> del viatge sobre el pa\u00eds, el seu context, la defensa dels drets humans i la feina de l\u2019IAP, que continua de forma <strong>permanent<\/strong> una vegada a Col\u00f2mbia.<\/li>\n<li>Econ\u00f2micament, <strong>l\u2019IAP<\/strong> assumeix gran part de les despeses del voluntariat: <strong>allotjament<\/strong> al pa\u00eds, <strong>transports i manutenci\u00f3<\/strong> durant els acompanyaments i una <strong>quota mensual<\/strong> per alimentaci\u00f3 i despeses personals. El <strong>voluntari o volunt\u00e0ria <\/strong>es fa c\u00e0rrec dels <strong>bitllets<\/strong> d\u2019anada i tornada a Col\u00f2mbia, <strong>l\u2019asseguran\u00e7a m\u00e8dica<\/strong> i el <strong>visat<\/strong>. L\u2019IAP ofereix tota l\u2019ajuda necess\u00e0ria per a fer aquests tr\u00e0mits.[\/accordion-item][\/accordion]<\/li>\n<\/ul>\n<p>[accordion clicktoclose=true][accordion-item title=&#8221;<strong>Com \u00e9s el proc\u00e9s de formaci\u00f3 i selecci\u00f3?<\/strong>&#8221; state=closed]Per a participar, has d\u2019omplir el seg\u00fcent <a href=\"https:\/\/vigorous-einstein.82-165-3-172.plesk.page\/wp-content\/uploads\/2017\/06\/Formulario_voluntariado_IAP_Colombia.pdf\" target=\"_blank\" rel=\"noopener noreferrer\"><strong>formulari<\/strong><\/a> i enviar-lo quan estigui <strong>oberta la convocat\u00f2ria<\/strong>. En cas que la sol\u00b7licitud encaixi al projecte, concertarem una <strong>entrevista personal<\/strong> amb un membre de l\u2019equip de formaci\u00f3 i voluntariat, en la qual valorarem el perfil, les motivacions i el comprom\u00eds dels i les aspirants.<\/p>\n<p>La <strong>formaci\u00f3<\/strong> t\u00e9 dues fases:<\/p>\n<p>Una a <strong>dist\u00e0ncia<\/strong>, d\u2019aproximadament quatre mesos de duraci\u00f3, a trav\u00e9s d\u2019una plataforma on-line.<\/p>\n<p>Una <strong>presencial<\/strong>, que t\u00e9 lloc durant tres dies a Barcelona.<\/p>\n<p>Les persones que superen ambdues fases amb \u00e8xit, passaran a formar part de l\u2019equip a terreny. Les <strong>incorporacions<\/strong> es faran de manera <strong>escalonada<\/strong>, segons el programa d\u2019entrades i sortides, segons les necessitats de l\u2019IAP i la disponibilitat del voluntari o volunt\u00e0ria.[\/accordion-item][\/accordion]<\/p>\n","protected":false},"excerpt":{"rendered":"<p>A IAP comptem amb un equip permanent de voluntaris i volunt\u00e0ries a Col\u00f2mbia, que realitzen la important labor d\u2019acompanyament internacional. Per a formar part d\u2019aquest equip, \u00e9s necessari completar amb \u00e8xit un proc\u00e9s de formaci\u00f3 i selecci\u00f3, que realitzem peri\u00f2dicament segons les necessitats de les organitzacions que acompanyem i el context del pa\u00eds. Si est\u00e0s [&hellip;]<\/p>\n","protected":false},"author":3,"featured_media":0,"parent":359194,"menu_order":1,"comment_status":"closed","ping_status":"closed","template":"template-quienes-somos.php","meta":{"_et_pb_use_builder":"","_et_pb_old_content":"","_et_gb_content_width":"","footnotes":""},"class_list":["post-1199","page","type-page","status-publish","hentry"],"yoast_head":"<!-- This site is optimized with the Yoast SEO plugin v27.5 - https:\/\/yoast.com\/product\/yoast-seo-wordpress\/ -->\n<title>Voluntariat internacional - IAP | International Action For Peace<\/title>\n<meta name=\"robots\" content=\"index, follow, max-snippet:-1, max-image-preview:large, max-video-preview:-1\" \/>\n<link rel=\"canonical\" href=\"https:\/\/vigorous-einstein.82-165-3-172.plesk.page\/ca\/voluntariado\/voluntariat-internacional\/\" \/>\n<meta property=\"og:locale\" content=\"ca_ES\" \/>\n<meta property=\"og:type\" content=\"article\" \/>\n<meta property=\"og:title\" content=\"Voluntariat internacional - IAP | International Action For Peace\" \/>\n<meta property=\"og:description\" content=\"A IAP comptem amb un equip permanent de voluntaris i volunt\u00e0ries a Col\u00f2mbia, que realitzen la important labor d\u2019acompanyament internacional. Per a formar part d\u2019aquest equip, \u00e9s necessari completar amb \u00e8xit un proc\u00e9s de formaci\u00f3 i selecci\u00f3, que realitzem peri\u00f2dicament segons les necessitats de les organitzacions que acompanyem i el context del pa\u00eds. Si est\u00e0s [&hellip;]\" \/>\n<meta property=\"og:url\" content=\"https:\/\/vigorous-einstein.82-165-3-172.plesk.page\/ca\/voluntariado\/voluntariat-internacional\/\" \/>\n<meta property=\"og:site_name\" content=\"IAP | International Action For Peace\" \/>\n<meta property=\"article:publisher\" content=\"https:\/\/www.facebook.com\/IapActionpeace\" \/>\n<meta property=\"article:modified_time\" content=\"2021-01-13T09:20:07+00:00\" \/>\n<meta name=\"twitter:card\" content=\"summary_large_image\" \/>\n<meta name=\"twitter:site\" content=\"@iap_actionpeace\" \/>\n<meta name=\"twitter:label1\" content=\"Temps estimat de lectura\" \/>\n\t<meta name=\"twitter:data1\" content=\"4 minuts\" \/>\n<script type=\"application\/ld+json\" class=\"yoast-schema-graph\">{\"@context\":\"https:\\\/\\\/schema.org\",\"@graph\":[{\"@type\":\"WebPage\",\"@id\":\"https:\\\/\\\/vigorous-einstein.82-165-3-172.plesk.page\\\/ca\\\/voluntariado\\\/voluntariat-internacional\\\/\",\"url\":\"https:\\\/\\\/vigorous-einstein.82-165-3-172.plesk.page\\\/ca\\\/voluntariado\\\/voluntariat-internacional\\\/\",\"name\":\"Voluntariat internacional - IAP | International Action For Peace\",\"isPartOf\":{\"@id\":\"https:\\\/\\\/vigorous-einstein.82-165-3-172.plesk.page\\\/ca\\\/#website\"},\"datePublished\":\"2017-06-21T10:10:48+00:00\",\"dateModified\":\"2021-01-13T09:20:07+00:00\",\"breadcrumb\":{\"@id\":\"https:\\\/\\\/vigorous-einstein.82-165-3-172.plesk.page\\\/ca\\\/voluntariado\\\/voluntariat-internacional\\\/#breadcrumb\"},\"inLanguage\":\"ca\",\"potentialAction\":[{\"@type\":\"ReadAction\",\"target\":[\"https:\\\/\\\/vigorous-einstein.82-165-3-172.plesk.page\\\/ca\\\/voluntariado\\\/voluntariat-internacional\\\/\"]}]},{\"@type\":\"BreadcrumbList\",\"@id\":\"https:\\\/\\\/vigorous-einstein.82-165-3-172.plesk.page\\\/ca\\\/voluntariado\\\/voluntariat-internacional\\\/#breadcrumb\",\"itemListElement\":[{\"@type\":\"ListItem\",\"position\":1,\"name\":\"Inici\",\"item\":\"https:\\\/\\\/vigorous-einstein.82-165-3-172.plesk.page\\\/ca\\\/\"},{\"@type\":\"ListItem\",\"position\":2,\"name\":\"Voluntariado\",\"item\":\"https:\\\/\\\/vigorous-einstein.82-165-3-172.plesk.page\\\/ca\\\/voluntariado\\\/\"},{\"@type\":\"ListItem\",\"position\":3,\"name\":\"Voluntariat internacional\"}]},{\"@type\":\"WebSite\",\"@id\":\"https:\\\/\\\/vigorous-einstein.82-165-3-172.plesk.page\\\/ca\\\/#website\",\"url\":\"https:\\\/\\\/vigorous-einstein.82-165-3-172.plesk.page\\\/ca\\\/\",\"name\":\"IAP | International Action For Peace\",\"description\":\"IAP\",\"publisher\":{\"@id\":\"https:\\\/\\\/vigorous-einstein.82-165-3-172.plesk.page\\\/ca\\\/#organization\"},\"potentialAction\":[{\"@type\":\"SearchAction\",\"target\":{\"@type\":\"EntryPoint\",\"urlTemplate\":\"https:\\\/\\\/vigorous-einstein.82-165-3-172.plesk.page\\\/ca\\\/?s={search_term_string}\"},\"query-input\":{\"@type\":\"PropertyValueSpecification\",\"valueRequired\":true,\"valueName\":\"search_term_string\"}}],\"inLanguage\":\"ca\"},{\"@type\":\"Organization\",\"@id\":\"https:\\\/\\\/vigorous-einstein.82-165-3-172.plesk.page\\\/ca\\\/#organization\",\"name\":\"Action Peace\",\"url\":\"https:\\\/\\\/vigorous-einstein.82-165-3-172.plesk.page\\\/ca\\\/\",\"logo\":{\"@type\":\"ImageObject\",\"inLanguage\":\"ca\",\"@id\":\"https:\\\/\\\/vigorous-einstein.82-165-3-172.plesk.page\\\/ca\\\/#\\\/schema\\\/logo\\\/image\\\/\",\"url\":\"https:\\\/\\\/vigorous-einstein.82-165-3-172.plesk.page\\\/wp-content\\\/uploads\\\/2022\\\/02\\\/logo-international-action-for-peace.png\",\"contentUrl\":\"https:\\\/\\\/vigorous-einstein.82-165-3-172.plesk.page\\\/wp-content\\\/uploads\\\/2022\\\/02\\\/logo-international-action-for-peace.png\",\"width\":650,\"height\":157,\"caption\":\"Action Peace\"},\"image\":{\"@id\":\"https:\\\/\\\/vigorous-einstein.82-165-3-172.plesk.page\\\/ca\\\/#\\\/schema\\\/logo\\\/image\\\/\"},\"sameAs\":[\"https:\\\/\\\/www.facebook.com\\\/IapActionpeace\",\"https:\\\/\\\/x.com\\\/iap_actionpeace\",\"https:\\\/\\\/www.instagram.com\\\/iap_actionpeace\\\/\",\"https:\\\/\\\/www.youtube.com\\\/channel\\\/UCk0Mst1cXUwqnpTjtjNYy3w\"]}]}<\/script>\n<!-- \/ Yoast SEO plugin. -->","yoast_head_json":{"title":"Voluntariat internacional - IAP | International Action For Peace","robots":{"index":"index","follow":"follow","max-snippet":"max-snippet:-1","max-image-preview":"max-image-preview:large","max-video-preview":"max-video-preview:-1"},"canonical":"https:\/\/vigorous-einstein.82-165-3-172.plesk.page\/ca\/voluntariado\/voluntariat-internacional\/","og_locale":"ca_ES","og_type":"article","og_title":"Voluntariat internacional - IAP | International Action For Peace","og_description":"A IAP comptem amb un equip permanent de voluntaris i volunt\u00e0ries a Col\u00f2mbia, que realitzen la important labor d\u2019acompanyament internacional. Per a formar part d\u2019aquest equip, \u00e9s necessari completar amb \u00e8xit un proc\u00e9s de formaci\u00f3 i selecci\u00f3, que realitzem peri\u00f2dicament segons les necessitats de les organitzacions que acompanyem i el context del pa\u00eds. Si est\u00e0s [&hellip;]","og_url":"https:\/\/vigorous-einstein.82-165-3-172.plesk.page\/ca\/voluntariado\/voluntariat-internacional\/","og_site_name":"IAP | International Action For Peace","article_publisher":"https:\/\/www.facebook.com\/IapActionpeace","article_modified_time":"2021-01-13T09:20:07+00:00","twitter_card":"summary_large_image","twitter_site":"@iap_actionpeace","twitter_misc":{"Temps estimat de lectura":"4 minuts"},"schema":{"@context":"https:\/\/schema.org","@graph":[{"@type":"WebPage","@id":"https:\/\/vigorous-einstein.82-165-3-172.plesk.page\/ca\/voluntariado\/voluntariat-internacional\/","url":"https:\/\/vigorous-einstein.82-165-3-172.plesk.page\/ca\/voluntariado\/voluntariat-internacional\/","name":"Voluntariat internacional - IAP | International Action For Peace","isPartOf":{"@id":"https:\/\/vigorous-einstein.82-165-3-172.plesk.page\/ca\/#website"},"datePublished":"2017-06-21T10:10:48+00:00","dateModified":"2021-01-13T09:20:07+00:00","breadcrumb":{"@id":"https:\/\/vigorous-einstein.82-165-3-172.plesk.page\/ca\/voluntariado\/voluntariat-internacional\/#breadcrumb"},"inLanguage":"ca","potentialAction":[{"@type":"ReadAction","target":["https:\/\/vigorous-einstein.82-165-3-172.plesk.page\/ca\/voluntariado\/voluntariat-internacional\/"]}]},{"@type":"BreadcrumbList","@id":"https:\/\/vigorous-einstein.82-165-3-172.plesk.page\/ca\/voluntariado\/voluntariat-internacional\/#breadcrumb","itemListElement":[{"@type":"ListItem","position":1,"name":"Inici","item":"https:\/\/vigorous-einstein.82-165-3-172.plesk.page\/ca\/"},{"@type":"ListItem","position":2,"name":"Voluntariado","item":"https:\/\/vigorous-einstein.82-165-3-172.plesk.page\/ca\/voluntariado\/"},{"@type":"ListItem","position":3,"name":"Voluntariat internacional"}]},{"@type":"WebSite","@id":"https:\/\/vigorous-einstein.82-165-3-172.plesk.page\/ca\/#website","url":"https:\/\/vigorous-einstein.82-165-3-172.plesk.page\/ca\/","name":"IAP | International Action For Peace","description":"IAP","publisher":{"@id":"https:\/\/vigorous-einstein.82-165-3-172.plesk.page\/ca\/#organization"},"potentialAction":[{"@type":"SearchAction","target":{"@type":"EntryPoint","urlTemplate":"https:\/\/vigorous-einstein.82-165-3-172.plesk.page\/ca\/?s={search_term_string}"},"query-input":{"@type":"PropertyValueSpecification","valueRequired":true,"valueName":"search_term_string"}}],"inLanguage":"ca"},{"@type":"Organization","@id":"https:\/\/vigorous-einstein.82-165-3-172.plesk.page\/ca\/#organization","name":"Action Peace","url":"https:\/\/vigorous-einstein.82-165-3-172.plesk.page\/ca\/","logo":{"@type":"ImageObject","inLanguage":"ca","@id":"https:\/\/vigorous-einstein.82-165-3-172.plesk.page\/ca\/#\/schema\/logo\/image\/","url":"https:\/\/vigorous-einstein.82-165-3-172.plesk.page\/wp-content\/uploads\/2022\/02\/logo-international-action-for-peace.png","contentUrl":"https:\/\/vigorous-einstein.82-165-3-172.plesk.page\/wp-content\/uploads\/2022\/02\/logo-international-action-for-peace.png","width":650,"height":157,"caption":"Action Peace"},"image":{"@id":"https:\/\/vigorous-einstein.82-165-3-172.plesk.page\/ca\/#\/schema\/logo\/image\/"},"sameAs":["https:\/\/www.facebook.com\/IapActionpeace","https:\/\/x.com\/iap_actionpeace","https:\/\/www.instagram.com\/iap_actionpeace\/","https:\/\/www.youtube.com\/channel\/UCk0Mst1cXUwqnpTjtjNYy3w"]}]}},"_links":{"self":[{"href":"https:\/\/vigorous-einstein.82-165-3-172.plesk.page\/ca\/wp-json\/wp\/v2\/pages\/1199","targetHints":{"allow":["GET"]}}],"collection":[{"href":"https:\/\/vigorous-einstein.82-165-3-172.plesk.page\/ca\/wp-json\/wp\/v2\/pages"}],"about":[{"href":"https:\/\/vigorous-einstein.82-165-3-172.plesk.page\/ca\/wp-json\/wp\/v2\/types\/page"}],"author":[{"embeddable":true,"href":"https:\/\/vigorous-einstein.82-165-3-172.plesk.page\/ca\/wp-json\/wp\/v2\/users\/3"}],"replies":[{"embeddable":true,"href":"https:\/\/vigorous-einstein.82-165-3-172.plesk.page\/ca\/wp-json\/wp\/v2\/comments?post=1199"}],"version-history":[{"count":14,"href":"https:\/\/vigorous-einstein.82-165-3-172.plesk.page\/ca\/wp-json\/wp\/v2\/pages\/1199\/revisions"}],"predecessor-version":[{"id":5343,"href":"https:\/\/vigorous-einstein.82-165-3-172.plesk.page\/ca\/wp-json\/wp\/v2\/pages\/1199\/revisions\/5343"}],"up":[{"embeddable":true,"href":"https:\/\/vigorous-einstein.82-165-3-172.plesk.page\/ca\/wp-json\/wp\/v2\/pages\/359194"}],"wp:attachment":[{"href":"https:\/\/vigorous-einstein.82-165-3-172.plesk.page\/ca\/wp-json\/wp\/v2\/media?parent=1199"}],"curies":[{"name":"wp","href":"https:\/\/api.w.org\/{rel}","templated":true}]}}