{"id":359054,"date":"2021-03-12T14:39:08","date_gmt":"2021-03-12T13:39:08","guid":{"rendered":"https:\/\/vigorous-einstein.82-165-3-172.plesk.page\/contacto-2\/"},"modified":"2025-05-21T12:17:51","modified_gmt":"2025-05-21T10:17:51","slug":"contacte","status":"publish","type":"page","link":"https:\/\/vigorous-einstein.82-165-3-172.plesk.page\/ca\/contacte\/","title":{"rendered":"Contacte"},"content":{"rendered":"<p>[et_pb_section fb_built=&#8221;1&#8243; admin_label=&#8221;section&#8221; _builder_version=&#8221;4.16&#8243; use_background_color_gradient=&#8221;on&#8221; background_color_gradient_direction=&#8221;1deg&#8221; background_color_gradient_stops=&#8221;rgba(0,0,0,0.14) 0%|rgba(0,0,0,0.83) 100%&#8221; background_color_gradient_overlays_image=&#8221;on&#8221; background_color_gradient_start=&#8221;rgba(0,0,0,0.14)&#8221; background_color_gradient_end=&#8221;rgba(0,0,0,0.83)&#8221; background_image=&#8221;https:\/\/vigorous-einstein.82-165-3-172.plesk.page\/wp-content\/uploads\/2021\/09\/kaitlyn-baker-vZJdYl5JVXY-unsplash-scaled.jpg&#8221; custom_padding=&#8221;4vw||4vw||true|false&#8221; global_colors_info=&#8221;{}&#8221;][et_pb_row admin_label=&#8221;row&#8221; _builder_version=&#8221;4.16&#8243; background_size=&#8221;initial&#8221; background_position=&#8221;top_left&#8221; background_repeat=&#8221;repeat&#8221; global_colors_info=&#8221;{}&#8221;][et_pb_column type=&#8221;4_4&#8243; _builder_version=&#8221;4.16&#8243; custom_padding=&#8221;|||&#8221; global_colors_info=&#8221;{}&#8221; custom_padding__hover=&#8221;|||&#8221;][et_pb_text admin_label=&#8221;Text&#8221; _builder_version=&#8221;4.16&#8243; header_font=&#8221;|800|||||||&#8221; header_text_align=&#8221;center&#8221; header_text_color=&#8221;#FFFFFF&#8221; header_font_size=&#8221;45px&#8221; header_letter_spacing=&#8221;1px&#8221; header_2_font=&#8221;|800|||||||&#8221; header_2_text_color=&#8221;#f07d07&#8243; header_2_font_size=&#8221;45px&#8221; header_2_letter_spacing=&#8221;1px&#8221; header_3_font=&#8221;|800|||||||&#8221; header_3_text_color=&#8221;#f07d07&#8243; header_3_font_size=&#8221;45px&#8221; header_3_letter_spacing=&#8221;1px&#8221; header_4_font=&#8221;|800|||||||&#8221; header_4_text_color=&#8221;#f07d07&#8243; header_4_font_size=&#8221;45px&#8221; header_4_letter_spacing=&#8221;1px&#8221; header_5_font=&#8221;|800|||||||&#8221; header_5_text_color=&#8221;#f07d07&#8243; header_5_font_size=&#8221;45px&#8221; header_5_letter_spacing=&#8221;1px&#8221; header_6_font=&#8221;|800|||||||&#8221; header_6_text_color=&#8221;#f07d07&#8243; header_6_font_size=&#8221;45px&#8221; header_6_letter_spacing=&#8221;1px&#8221; background_size=&#8221;initial&#8221; background_position=&#8221;top_left&#8221; background_repeat=&#8221;repeat&#8221; header_font_size_tablet=&#8221;25px&#8221; header_font_size_phone=&#8221;&#8221; header_font_size_last_edited=&#8221;on|desktop&#8221; header_2_font_size_tablet=&#8221;25px&#8221; header_2_font_size_phone=&#8221;&#8221; header_2_font_size_last_edited=&#8221;on|desktop&#8221; header_3_font_size_tablet=&#8221;25px&#8221; header_3_font_size_phone=&#8221;&#8221; header_3_font_size_last_edited=&#8221;on|desktop&#8221; header_4_font_size_tablet=&#8221;25px&#8221; header_4_font_size_phone=&#8221;&#8221; header_4_font_size_last_edited=&#8221;on|desktop&#8221; header_5_font_size_tablet=&#8221;25px&#8221; header_5_font_size_phone=&#8221;&#8221; header_5_font_size_last_edited=&#8221;on|desktop&#8221; header_6_font_size_tablet=&#8221;25px&#8221; header_6_font_size_phone=&#8221;&#8221; header_6_font_size_last_edited=&#8221;on|desktop&#8221; global_colors_info=&#8221;{}&#8221;]<\/p>\n<h1><span>Contacte<\/span><\/h1>\n<p>[\/et_pb_text][\/et_pb_column][\/et_pb_row][\/et_pb_section][et_pb_section fb_built=&#8221;1&#8243; _builder_version=&#8221;4.16&#8243; _module_preset=&#8221;default&#8221; global_colors_info=&#8221;{}&#8221;][et_pb_row column_structure=&#8221;3_4,1_4&#8243; _builder_version=&#8221;4.16&#8243; _module_preset=&#8221;default&#8221; max_width=&#8221;70%&#8221; global_colors_info=&#8221;{}&#8221;][et_pb_column type=&#8221;3_4&#8243; _builder_version=&#8221;4.16&#8243; _module_preset=&#8221;default&#8221; global_colors_info=&#8221;{}&#8221;][et_pb_contact_form email=&#8221;info@actionpeace.org&#8221; custom_message=&#8221;Nombre : %%Name%%||et_pb_line_break_holder||Email : %%Email%%||et_pb_line_break_holder||Interesado en : %%sec%%||et_pb_line_break_holder||Mensaje : ||et_pb_line_break_holder||%%Message%%&#8221; success_message=&#8221;Missatge enviat!&#8221; _builder_version=&#8221;4.16&#8243; _module_preset=&#8221;default&#8221; _unique_id=&#8221;72671bfa-5194-4a84-b642-1c923a064e83&#8243; title_font_size=&#8221;26px&#8221; custom_button=&#8221;on&#8221; button_text_size=&#8221;18px&#8221; button_text_color=&#8221;#FFFFFF&#8221; button_bg_color=&#8221;#000000&#8243; button_border_width=&#8221;0px&#8221; button_border_radius=&#8221;0px&#8221; text_orientation=&#8221;left&#8221; hover_enabled=&#8221;0&#8243; global_colors_info=&#8221;{}&#8221; button_bg_color__hover_enabled=&#8221;on|hover&#8221; button_bg_color__hover=&#8221;rgba(0,0,0,0.95)&#8221; button_bg_enable_color__hover=&#8221;on&#8221; sticky_enabled=&#8221;0&#8243;][et_pb_contact_field field_id=&#8221;Name&#8221; field_title=&#8221;Nom:&#8221; _builder_version=&#8221;4.16&#8243; global_colors_info=&#8221;{}&#8221; button_text_size__hover_enabled=&#8221;off&#8221; button_one_text_size__hover_enabled=&#8221;off&#8221; button_two_text_size__hover_enabled=&#8221;off&#8221; button_text_color__hover_enabled=&#8221;off&#8221; button_one_text_color__hover_enabled=&#8221;off&#8221; button_two_text_color__hover_enabled=&#8221;off&#8221; button_border_width__hover_enabled=&#8221;off&#8221; button_one_border_width__hover_enabled=&#8221;off&#8221; button_two_border_width__hover_enabled=&#8221;off&#8221; button_border_color__hover_enabled=&#8221;off&#8221; button_one_border_color__hover_enabled=&#8221;off&#8221; button_two_border_color__hover_enabled=&#8221;off&#8221; button_border_radius__hover_enabled=&#8221;off&#8221; button_one_border_radius__hover_enabled=&#8221;off&#8221; button_two_border_radius__hover_enabled=&#8221;off&#8221; button_letter_spacing__hover_enabled=&#8221;off&#8221; button_one_letter_spacing__hover_enabled=&#8221;off&#8221; button_two_letter_spacing__hover_enabled=&#8221;off&#8221; button_bg_color__hover_enabled=&#8221;off&#8221; button_one_bg_color__hover_enabled=&#8221;off&#8221; button_two_bg_color__hover_enabled=&#8221;off&#8221;][\/et_pb_contact_field][et_pb_contact_field field_id=&#8221;Email&#8221; field_title=&#8221;Adre\u00e7a de correu electr\u00f2nic:&#8221; field_type=&#8221;email&#8221; _builder_version=&#8221;4.16&#8243; global_colors_info=&#8221;{}&#8221; button_text_size__hover_enabled=&#8221;off&#8221; button_one_text_size__hover_enabled=&#8221;off&#8221; button_two_text_size__hover_enabled=&#8221;off&#8221; button_text_color__hover_enabled=&#8221;off&#8221; button_one_text_color__hover_enabled=&#8221;off&#8221; button_two_text_color__hover_enabled=&#8221;off&#8221; button_border_width__hover_enabled=&#8221;off&#8221; button_one_border_width__hover_enabled=&#8221;off&#8221; button_two_border_width__hover_enabled=&#8221;off&#8221; button_border_color__hover_enabled=&#8221;off&#8221; button_one_border_color__hover_enabled=&#8221;off&#8221; button_two_border_color__hover_enabled=&#8221;off&#8221; button_border_radius__hover_enabled=&#8221;off&#8221; button_one_border_radius__hover_enabled=&#8221;off&#8221; button_two_border_radius__hover_enabled=&#8221;off&#8221; button_letter_spacing__hover_enabled=&#8221;off&#8221; button_one_letter_spacing__hover_enabled=&#8221;off&#8221; button_two_letter_spacing__hover_enabled=&#8221;off&#8221; button_bg_color__hover_enabled=&#8221;off&#8221; button_one_bg_color__hover_enabled=&#8221;off&#8221; button_two_bg_color__hover_enabled=&#8221;off&#8221;][\/et_pb_contact_field][et_pb_contact_field field_id=&#8221;sec&#8221; field_title=&#8221;\u00c0rea d&#8217;inter\u00e9s:&#8221; field_type=&#8221;select&#8221; select_options=&#8221;%91{%22value%22:%22General%22,%22checked%22:0,%22dragID%22:-1},{%22value%22:%22Voluntariat%22,%22checked%22:0,%22dragID%22:0},{%22value%22:%22Comunicaci\u00f3%22,%22checked%22:0,%22dragID%22:1}%93&#8243; fullwidth_field=&#8221;on&#8221; _builder_version=&#8221;4.16&#8243; global_colors_info=&#8221;{}&#8221; button_text_size__hover_enabled=&#8221;off&#8221; button_one_text_size__hover_enabled=&#8221;off&#8221; button_two_text_size__hover_enabled=&#8221;off&#8221; button_text_color__hover_enabled=&#8221;off&#8221; button_one_text_color__hover_enabled=&#8221;off&#8221; button_two_text_color__hover_enabled=&#8221;off&#8221; button_border_width__hover_enabled=&#8221;off&#8221; button_one_border_width__hover_enabled=&#8221;off&#8221; button_two_border_width__hover_enabled=&#8221;off&#8221; button_border_color__hover_enabled=&#8221;off&#8221; button_one_border_color__hover_enabled=&#8221;off&#8221; button_two_border_color__hover_enabled=&#8221;off&#8221; button_border_radius__hover_enabled=&#8221;off&#8221; button_one_border_radius__hover_enabled=&#8221;off&#8221; button_two_border_radius__hover_enabled=&#8221;off&#8221; button_letter_spacing__hover_enabled=&#8221;off&#8221; button_one_letter_spacing__hover_enabled=&#8221;off&#8221; button_two_letter_spacing__hover_enabled=&#8221;off&#8221; button_bg_color__hover_enabled=&#8221;off&#8221; button_one_bg_color__hover_enabled=&#8221;off&#8221; button_two_bg_color__hover_enabled=&#8221;off&#8221;][\/et_pb_contact_field][et_pb_contact_field field_id=&#8221;Message&#8221; field_title=&#8221;Missatge:&#8221; field_type=&#8221;text&#8221; fullwidth_field=&#8221;on&#8221; _builder_version=&#8221;4.16&#8243; global_colors_info=&#8221;{}&#8221; button_text_size__hover_enabled=&#8221;off&#8221; button_one_text_size__hover_enabled=&#8221;off&#8221; button_two_text_size__hover_enabled=&#8221;off&#8221; button_text_color__hover_enabled=&#8221;off&#8221; button_one_text_color__hover_enabled=&#8221;off&#8221; button_two_text_color__hover_enabled=&#8221;off&#8221; button_border_width__hover_enabled=&#8221;off&#8221; button_one_border_width__hover_enabled=&#8221;off&#8221; button_two_border_width__hover_enabled=&#8221;off&#8221; button_border_color__hover_enabled=&#8221;off&#8221; button_one_border_color__hover_enabled=&#8221;off&#8221; button_two_border_color__hover_enabled=&#8221;off&#8221; button_border_radius__hover_enabled=&#8221;off&#8221; button_one_border_radius__hover_enabled=&#8221;off&#8221; button_two_border_radius__hover_enabled=&#8221;off&#8221; button_letter_spacing__hover_enabled=&#8221;off&#8221; button_one_letter_spacing__hover_enabled=&#8221;off&#8221; button_two_letter_spacing__hover_enabled=&#8221;off&#8221; button_bg_color__hover_enabled=&#8221;off&#8221; button_one_bg_color__hover_enabled=&#8221;off&#8221; button_two_bg_color__hover_enabled=&#8221;off&#8221;][\/et_pb_contact_field][et_pb_contact_field field_id=&#8221;Field_5&#8243; field_title=&#8221; &#8221; field_type=&#8221;checkbox&#8221; checkbox_options=&#8221;%91{%22value%22:%22Abans d&#8217;enviar el teu missatge, pots llegir aqu\u00ed la informaci\u00f3 b\u00e0sica de protecci\u00f3 de dades%22,%22checked%22:0,%22dragID%22:-1,%22link_url%22:%22 \/proteccion-de-datos%22}%93&#8243; fullwidth_field=&#8221;on&#8221; _builder_version=&#8221;4.16&#8243; _module_preset=&#8221;default&#8221; global_colors_info=&#8221;{}&#8221;][\/et_pb_contact_field][\/et_pb_contact_form][\/et_pb_column][et_pb_column type=&#8221;1_4&#8243; _builder_version=&#8221;4.16&#8243; _module_preset=&#8221;default&#8221; global_colors_info=&#8221;{}&#8221;][et_pb_text _builder_version=&#8221;4.16&#8243; _module_preset=&#8221;default&#8221; header_2_font=&#8221;|700|||||||&#8221; header_2_font_size=&#8221;20px&#8221; custom_margin=&#8221;||19px|||&#8221; global_colors_info=&#8221;{}&#8221;]<\/p>\n<h2><span>ENVIA&#8217;NS UN MISSATGE<\/span><\/h2>\n<p>[\/et_pb_text][et_pb_text module_id=&#8221;intresadoSobre&#8221; _builder_version=&#8221;4.16&#8243; _module_preset=&#8221;default&#8221; global_colors_info=&#8221;{}&#8221;]<\/p>\n<p style=\"text-align: left;\"><span>Est\u00e0s buscant informaci\u00f3 sobre?<\/span><\/p>\n<p>[\/et_pb_text][et_pb_social_media_follow _builder_version=&#8221;4.27.4&#8243; _module_preset=&#8221;default&#8221; global_colors_info=&#8221;{}&#8221;][et_pb_social_media_follow_network social_network=&#8221;facebook&#8221; url=&#8221;https:\/\/www.facebook.com\/IapActionpeace&#8221; _builder_version=&#8221;4.27.4&#8243; _module_preset=&#8221;default&#8221; background_color=&#8221;#3b5998&#8243; global_colors_info=&#8221;{}&#8221; follow_button=&#8221;off&#8221; url_new_window=&#8221;on&#8221;]facebook[\/et_pb_social_media_follow_network][et_pb_social_media_follow_network social_network=&#8221;twitter&#8221; url=&#8221;https:\/\/x.com\/iap_actionpeace&#8221; _builder_version=&#8221;4.27.4&#8243; _module_preset=&#8221;default&#8221; background_color=&#8221;#000000&#8243; global_colors_info=&#8221;{}&#8221; follow_button=&#8221;off&#8221; url_new_window=&#8221;on&#8221;]twitter[\/et_pb_social_media_follow_network][et_pb_social_media_follow_network social_network=&#8221;instagram&#8221; url=&#8221;https:\/\/www.instagram.com\/iap_actionpeace\/&#8221; _builder_version=&#8221;4.27.4&#8243; _module_preset=&#8221;default&#8221; background_color=&#8221;#ea2c59&#8243; global_colors_info=&#8221;{}&#8221; follow_button=&#8221;off&#8221; url_new_window=&#8221;on&#8221;]instagram[\/et_pb_social_media_follow_network][et_pb_social_media_follow_network social_network=&#8221;youtube&#8221; url=&#8221;https:\/\/www.youtube.com\/@ACTIONPEACEORG&#8221; _builder_version=&#8221;4.27.4&#8243; _module_preset=&#8221;default&#8221; background_color=&#8221;#a82400&#8243; global_colors_info=&#8221;{}&#8221; follow_button=&#8221;off&#8221; url_new_window=&#8221;on&#8221;]youtube[\/et_pb_social_media_follow_network][\/et_pb_social_media_follow][et_pb_blurb use_icon=&#8221;on&#8221; font_icon=&#8221;&#xe090;||divi||400&#8243; icon_color=&#8221;#f07d07&#8243; icon_placement=&#8221;left&#8221; image_icon_width=&#8221;18px&#8221; _builder_version=&#8221;4.16&#8243; _module_preset=&#8221;default&#8221; body_text_color=&#8221;#000000&#8243; custom_margin=&#8221;||14px|||&#8221; icon_font_size=&#8221;18px&#8221; global_colors_info=&#8221;{}&#8221;]<\/p>\n<p><a href=\"933188444\">93 318 84 44<\/a><\/p>\n<p>[\/et_pb_blurb][et_pb_blurb use_icon=&#8221;on&#8221; font_icon=&#8221;&#xe081;||divi||400&#8243; icon_color=&#8221;#f07d07&#8243; icon_placement=&#8221;left&#8221; image_icon_width=&#8221;18px&#8221; _builder_version=&#8221;4.16&#8243; _module_preset=&#8221;default&#8221; header_font=&#8221;Montserrat||||||||&#8221; body_text_color=&#8221;#000000&#8243; custom_margin=&#8221;||14px|||&#8221; icon_font_size=&#8221;18px&#8221; global_colors_info=&#8221;{}&#8221;]<\/p>\n<p>Via Laietana, 16. Planta 1 oficina 123. 08003 Barcelona.<\/p>\n<p>[\/et_pb_blurb][et_pb_code _builder_version=&#8221;4.16&#8243; _module_preset=&#8221;default&#8221; global_colors_info=&#8221;{}&#8221;]<script>jQuery(\"#et_pb_contact_sec_0\").change(function(){<!-- [et_pb_line_break_holder] -->    if(jQuery(this).val()==\"General\"){jQuery(\"div#intresadoSobre div.et_pb_text_inner p\").text(\"Per dubtes generals i sobre el projecte, tant a Catalunya com a Col\u00f2mbia, podeu contactar-nos a trav\u00e9s d'aquest formulari.\")}<!-- [et_pb_line_break_holder] -->    else if(jQuery(this).val()==\"Voluntariat\"){jQuery(\"div#intresadoSobre div.et_pb_text_inner p\").text(\"Si tens algun dubte sobre el nostre voluntariat internacional al terreny, aqu\u00ed ens pots contactar. Encara que abans, us recomanem mirar l'apartat de Preguntes Freq\u00fcents.\")}<!-- [et_pb_line_break_holder] -->    else if(jQuery(this).val()==\"Comunicaci\u00f3\"){jQuery(\"div#intresadoSobre div.et_pb_text_inner p\").text(\"Si ets periodista i t'interessa la nostra feina, necessites fonts d'informaci\u00f3 sobre el terreny on estem o qualsevol tema relacionat amb la comunicaci\u00f3, no dubtis a posar-te en contacte amb el nostre departament.\")}<!-- [et_pb_line_break_holder] -->    else{jQuery(\"div#intresadoSobre div.et_pb_text_inner p\").text(\"Est\u00e0s buscant informaci\u00f3 sobre?\")}<!-- [et_pb_line_break_holder] -->})<\/script>[\/et_pb_code][\/et_pb_column][\/et_pb_row][\/et_pb_section][et_pb_section fb_built=&#8221;1&#8243; fullwidth=&#8221;on&#8221; _builder_version=&#8221;4.16&#8243; _module_preset=&#8221;default&#8221; global_colors_info=&#8221;{}&#8221;][et_pb_fullwidth_map address=&#8221;Via Laietana, 16, oficina 123, 08003 Barcelona, Espa\u00f1a&#8221; zoom_level=&#8221;16&#8243; address_lat=&#8221;41.3835715&#8243; address_lng=&#8221;2.1795068&#8243; _builder_version=&#8221;4.16&#8243; _module_preset=&#8221;default&#8221; global_colors_info=&#8221;{}&#8221;][et_pb_map_pin title=&#8221;IAP&#8221; pin_address=&#8221;Via Laietana, 16, oficina 123, 08003 Barcelona, Espa\u00f1a&#8221; pin_address_lat=&#8221;41.3835715&#8243; pin_address_lng=&#8221;2.1795068&#8243; _builder_version=&#8221;4.9.4&#8243; _module_preset=&#8221;default&#8221; global_colors_info=&#8221;{}&#8221;]<\/p>\n<p>Via Laietana, 16. Planta 1 oficina 123. 08003 Barcelona.<\/p>\n<p>[\/et_pb_map_pin][\/et_pb_fullwidth_map][\/et_pb_section]<\/p>\n","protected":false},"excerpt":{"rendered":"<p>ContacteENVIA&#8217;NS UN MISSATGEEst\u00e0s buscant informaci\u00f3 sobre?93 318 84 44Via Laietana, 16. Planta 1 oficina 123. 08003 Barcelona.Via Laietana, 16. Planta 1 oficina 123. 08003 Barcelona.<\/p>\n","protected":false},"author":3,"featured_media":0,"parent":0,"menu_order":0,"comment_status":"closed","ping_status":"closed","template":"","meta":{"_et_pb_use_builder":"on","_et_pb_old_content":"","_et_gb_content_width":"","footnotes":""},"class_list":["post-359054","page","type-page","status-publish","hentry"],"yoast_head":"<!-- This site is optimized with the Yoast SEO plugin v27.5 - https:\/\/yoast.com\/product\/yoast-seo-wordpress\/ -->\n<title>Contacte - IAP | International Action For Peace<\/title>\n<meta name=\"robots\" content=\"index, follow, max-snippet:-1, max-image-preview:large, max-video-preview:-1\" \/>\n<link rel=\"canonical\" href=\"https:\/\/vigorous-einstein.82-165-3-172.plesk.page\/ca\/contacte\/\" \/>\n<meta property=\"og:locale\" content=\"ca_ES\" \/>\n<meta property=\"og:type\" content=\"article\" \/>\n<meta property=\"og:title\" content=\"Contacte - IAP | International Action For Peace\" \/>\n<meta property=\"og:description\" content=\"ContacteENVIA&#039;NS UN MISSATGEEst\u00e0s buscant informaci\u00f3 sobre?93 318 84 44Via Laietana, 16. Planta 1 oficina 123. 08003 Barcelona.Via Laietana, 16. Planta 1 oficina 123. 08003 Barcelona.\" \/>\n<meta property=\"og:url\" content=\"https:\/\/vigorous-einstein.82-165-3-172.plesk.page\/ca\/contacte\/\" \/>\n<meta property=\"og:site_name\" content=\"IAP | International Action For Peace\" \/>\n<meta property=\"article:publisher\" content=\"https:\/\/www.facebook.com\/IapActionpeace\" \/>\n<meta property=\"article:modified_time\" content=\"2025-05-21T10:17:51+00:00\" \/>\n<meta name=\"twitter:card\" content=\"summary_large_image\" \/>\n<meta name=\"twitter:site\" content=\"@iap_actionpeace\" \/>\n<meta name=\"twitter:label1\" content=\"Temps estimat de lectura\" \/>\n\t<meta name=\"twitter:data1\" content=\"8 minuts\" \/>\n<script type=\"application\/ld+json\" class=\"yoast-schema-graph\">{\"@context\":\"https:\\\/\\\/schema.org\",\"@graph\":[{\"@type\":\"WebPage\",\"@id\":\"https:\\\/\\\/vigorous-einstein.82-165-3-172.plesk.page\\\/ca\\\/contacte\\\/\",\"url\":\"https:\\\/\\\/vigorous-einstein.82-165-3-172.plesk.page\\\/ca\\\/contacte\\\/\",\"name\":\"Contacte - IAP | International Action For Peace\",\"isPartOf\":{\"@id\":\"https:\\\/\\\/vigorous-einstein.82-165-3-172.plesk.page\\\/ca\\\/#website\"},\"datePublished\":\"2021-03-12T13:39:08+00:00\",\"dateModified\":\"2025-05-21T10:17:51+00:00\",\"breadcrumb\":{\"@id\":\"https:\\\/\\\/vigorous-einstein.82-165-3-172.plesk.page\\\/ca\\\/contacte\\\/#breadcrumb\"},\"inLanguage\":\"ca\",\"potentialAction\":[{\"@type\":\"ReadAction\",\"target\":[\"https:\\\/\\\/vigorous-einstein.82-165-3-172.plesk.page\\\/ca\\\/contacte\\\/\"]}]},{\"@type\":\"BreadcrumbList\",\"@id\":\"https:\\\/\\\/vigorous-einstein.82-165-3-172.plesk.page\\\/ca\\\/contacte\\\/#breadcrumb\",\"itemListElement\":[{\"@type\":\"ListItem\",\"position\":1,\"name\":\"Inici\",\"item\":\"https:\\\/\\\/vigorous-einstein.82-165-3-172.plesk.page\\\/ca\\\/\"},{\"@type\":\"ListItem\",\"position\":2,\"name\":\"Contacte\"}]},{\"@type\":\"WebSite\",\"@id\":\"https:\\\/\\\/vigorous-einstein.82-165-3-172.plesk.page\\\/ca\\\/#website\",\"url\":\"https:\\\/\\\/vigorous-einstein.82-165-3-172.plesk.page\\\/ca\\\/\",\"name\":\"IAP | International Action For Peace\",\"description\":\"IAP\",\"publisher\":{\"@id\":\"https:\\\/\\\/vigorous-einstein.82-165-3-172.plesk.page\\\/ca\\\/#organization\"},\"potentialAction\":[{\"@type\":\"SearchAction\",\"target\":{\"@type\":\"EntryPoint\",\"urlTemplate\":\"https:\\\/\\\/vigorous-einstein.82-165-3-172.plesk.page\\\/ca\\\/?s={search_term_string}\"},\"query-input\":{\"@type\":\"PropertyValueSpecification\",\"valueRequired\":true,\"valueName\":\"search_term_string\"}}],\"inLanguage\":\"ca\"},{\"@type\":\"Organization\",\"@id\":\"https:\\\/\\\/vigorous-einstein.82-165-3-172.plesk.page\\\/ca\\\/#organization\",\"name\":\"Action Peace\",\"url\":\"https:\\\/\\\/vigorous-einstein.82-165-3-172.plesk.page\\\/ca\\\/\",\"logo\":{\"@type\":\"ImageObject\",\"inLanguage\":\"ca\",\"@id\":\"https:\\\/\\\/vigorous-einstein.82-165-3-172.plesk.page\\\/ca\\\/#\\\/schema\\\/logo\\\/image\\\/\",\"url\":\"https:\\\/\\\/vigorous-einstein.82-165-3-172.plesk.page\\\/wp-content\\\/uploads\\\/2022\\\/02\\\/logo-international-action-for-peace.png\",\"contentUrl\":\"https:\\\/\\\/vigorous-einstein.82-165-3-172.plesk.page\\\/wp-content\\\/uploads\\\/2022\\\/02\\\/logo-international-action-for-peace.png\",\"width\":650,\"height\":157,\"caption\":\"Action Peace\"},\"image\":{\"@id\":\"https:\\\/\\\/vigorous-einstein.82-165-3-172.plesk.page\\\/ca\\\/#\\\/schema\\\/logo\\\/image\\\/\"},\"sameAs\":[\"https:\\\/\\\/www.facebook.com\\\/IapActionpeace\",\"https:\\\/\\\/x.com\\\/iap_actionpeace\",\"https:\\\/\\\/www.instagram.com\\\/iap_actionpeace\\\/\",\"https:\\\/\\\/www.youtube.com\\\/channel\\\/UCk0Mst1cXUwqnpTjtjNYy3w\"]}]}<\/script>\n<!-- \/ Yoast SEO plugin. -->","yoast_head_json":{"title":"Contacte - IAP | International Action For Peace","robots":{"index":"index","follow":"follow","max-snippet":"max-snippet:-1","max-image-preview":"max-image-preview:large","max-video-preview":"max-video-preview:-1"},"canonical":"https:\/\/vigorous-einstein.82-165-3-172.plesk.page\/ca\/contacte\/","og_locale":"ca_ES","og_type":"article","og_title":"Contacte - IAP | International Action For Peace","og_description":"ContacteENVIA'NS UN MISSATGEEst\u00e0s buscant informaci\u00f3 sobre?93 318 84 44Via Laietana, 16. Planta 1 oficina 123. 08003 Barcelona.Via Laietana, 16. Planta 1 oficina 123. 08003 Barcelona.","og_url":"https:\/\/vigorous-einstein.82-165-3-172.plesk.page\/ca\/contacte\/","og_site_name":"IAP | International Action For Peace","article_publisher":"https:\/\/www.facebook.com\/IapActionpeace","article_modified_time":"2025-05-21T10:17:51+00:00","twitter_card":"summary_large_image","twitter_site":"@iap_actionpeace","twitter_misc":{"Temps estimat de lectura":"8 minuts"},"schema":{"@context":"https:\/\/schema.org","@graph":[{"@type":"WebPage","@id":"https:\/\/vigorous-einstein.82-165-3-172.plesk.page\/ca\/contacte\/","url":"https:\/\/vigorous-einstein.82-165-3-172.plesk.page\/ca\/contacte\/","name":"Contacte - IAP | International Action For Peace","isPartOf":{"@id":"https:\/\/vigorous-einstein.82-165-3-172.plesk.page\/ca\/#website"},"datePublished":"2021-03-12T13:39:08+00:00","dateModified":"2025-05-21T10:17:51+00:00","breadcrumb":{"@id":"https:\/\/vigorous-einstein.82-165-3-172.plesk.page\/ca\/contacte\/#breadcrumb"},"inLanguage":"ca","potentialAction":[{"@type":"ReadAction","target":["https:\/\/vigorous-einstein.82-165-3-172.plesk.page\/ca\/contacte\/"]}]},{"@type":"BreadcrumbList","@id":"https:\/\/vigorous-einstein.82-165-3-172.plesk.page\/ca\/contacte\/#breadcrumb","itemListElement":[{"@type":"ListItem","position":1,"name":"Inici","item":"https:\/\/vigorous-einstein.82-165-3-172.plesk.page\/ca\/"},{"@type":"ListItem","position":2,"name":"Contacte"}]},{"@type":"WebSite","@id":"https:\/\/vigorous-einstein.82-165-3-172.plesk.page\/ca\/#website","url":"https:\/\/vigorous-einstein.82-165-3-172.plesk.page\/ca\/","name":"IAP | International Action For Peace","description":"IAP","publisher":{"@id":"https:\/\/vigorous-einstein.82-165-3-172.plesk.page\/ca\/#organization"},"potentialAction":[{"@type":"SearchAction","target":{"@type":"EntryPoint","urlTemplate":"https:\/\/vigorous-einstein.82-165-3-172.plesk.page\/ca\/?s={search_term_string}"},"query-input":{"@type":"PropertyValueSpecification","valueRequired":true,"valueName":"search_term_string"}}],"inLanguage":"ca"},{"@type":"Organization","@id":"https:\/\/vigorous-einstein.82-165-3-172.plesk.page\/ca\/#organization","name":"Action Peace","url":"https:\/\/vigorous-einstein.82-165-3-172.plesk.page\/ca\/","logo":{"@type":"ImageObject","inLanguage":"ca","@id":"https:\/\/vigorous-einstein.82-165-3-172.plesk.page\/ca\/#\/schema\/logo\/image\/","url":"https:\/\/vigorous-einstein.82-165-3-172.plesk.page\/wp-content\/uploads\/2022\/02\/logo-international-action-for-peace.png","contentUrl":"https:\/\/vigorous-einstein.82-165-3-172.plesk.page\/wp-content\/uploads\/2022\/02\/logo-international-action-for-peace.png","width":650,"height":157,"caption":"Action Peace"},"image":{"@id":"https:\/\/vigorous-einstein.82-165-3-172.plesk.page\/ca\/#\/schema\/logo\/image\/"},"sameAs":["https:\/\/www.facebook.com\/IapActionpeace","https:\/\/x.com\/iap_actionpeace","https:\/\/www.instagram.com\/iap_actionpeace\/","https:\/\/www.youtube.com\/channel\/UCk0Mst1cXUwqnpTjtjNYy3w"]}]}},"_links":{"self":[{"href":"https:\/\/vigorous-einstein.82-165-3-172.plesk.page\/ca\/wp-json\/wp\/v2\/pages\/359054","targetHints":{"allow":["GET"]}}],"collection":[{"href":"https:\/\/vigorous-einstein.82-165-3-172.plesk.page\/ca\/wp-json\/wp\/v2\/pages"}],"about":[{"href":"https:\/\/vigorous-einstein.82-165-3-172.plesk.page\/ca\/wp-json\/wp\/v2\/types\/page"}],"author":[{"embeddable":true,"href":"https:\/\/vigorous-einstein.82-165-3-172.plesk.page\/ca\/wp-json\/wp\/v2\/users\/3"}],"replies":[{"embeddable":true,"href":"https:\/\/vigorous-einstein.82-165-3-172.plesk.page\/ca\/wp-json\/wp\/v2\/comments?post=359054"}],"version-history":[{"count":12,"href":"https:\/\/vigorous-einstein.82-165-3-172.plesk.page\/ca\/wp-json\/wp\/v2\/pages\/359054\/revisions"}],"predecessor-version":[{"id":362764,"href":"https:\/\/vigorous-einstein.82-165-3-172.plesk.page\/ca\/wp-json\/wp\/v2\/pages\/359054\/revisions\/362764"}],"wp:attachment":[{"href":"https:\/\/vigorous-einstein.82-165-3-172.plesk.page\/ca\/wp-json\/wp\/v2\/media?parent=359054"}],"curies":[{"name":"wp","href":"https:\/\/api.w.org\/{rel}","templated":true}]}}