{"id":359145,"date":"2015-03-11T23:32:52","date_gmt":"2015-03-11T23:32:52","guid":{"rendered":"https:\/\/vigorous-einstein.82-165-3-172.plesk.page\/iap\/que-hacemos\/"},"modified":"2024-01-03T17:24:51","modified_gmt":"2024-01-03T16:24:51","slug":"que-fem","status":"publish","type":"page","link":"https:\/\/vigorous-einstein.82-165-3-172.plesk.page\/ca\/iap\/que-fem\/","title":{"rendered":"Qu\u00e8 fem?"},"content":{"rendered":"<p>[et_pb_section fb_built=&#8221;1&#8243; admin_label=&#8221;section&#8221; _builder_version=&#8221;4.16&#8243; use_background_color_gradient=&#8221;on&#8221; background_color_gradient_direction=&#8221;1deg&#8221; background_color_gradient_stops=&#8221;rgba(0,0,0,0.14) 0%|rgba(0,0,0,0.83) 100%&#8221; background_color_gradient_overlays_image=&#8221;on&#8221; background_color_gradient_start=&#8221;rgba(0,0,0,0.14)&#8221; background_color_gradient_end=&#8221;rgba(0,0,0,0.83)&#8221; background_image=&#8221;https:\/\/vigorous-einstein.82-165-3-172.plesk.page\/wp-content\/uploads\/2021\/09\/MG_3241-copia.jpg&#8221; custom_padding=&#8221;4vw||4vw||true|false&#8221; global_colors_info=&#8221;{}&#8221;][et_pb_row admin_label=&#8221;row&#8221; _builder_version=&#8221;4.16&#8243; background_size=&#8221;initial&#8221; background_position=&#8221;top_left&#8221; background_repeat=&#8221;repeat&#8221; global_colors_info=&#8221;{}&#8221;][et_pb_column type=&#8221;4_4&#8243; _builder_version=&#8221;4.16&#8243; custom_padding=&#8221;|||&#8221; global_colors_info=&#8221;{}&#8221; custom_padding__hover=&#8221;|||&#8221;][et_pb_text admin_label=&#8221;Text&#8221; _builder_version=&#8221;4.16&#8243; header_font=&#8221;|800|||||||&#8221; header_text_align=&#8221;center&#8221; header_text_color=&#8221;#FFFFFF&#8221; header_font_size=&#8221;45px&#8221; header_letter_spacing=&#8221;1px&#8221; header_2_font=&#8221;|800|||||||&#8221; header_2_text_color=&#8221;#f07d07&#8243; header_2_font_size=&#8221;45px&#8221; header_2_letter_spacing=&#8221;1px&#8221; header_3_font=&#8221;|800|||||||&#8221; header_3_text_color=&#8221;#f07d07&#8243; header_3_font_size=&#8221;45px&#8221; header_3_letter_spacing=&#8221;1px&#8221; header_4_font=&#8221;|800|||||||&#8221; header_4_text_color=&#8221;#f07d07&#8243; header_4_font_size=&#8221;45px&#8221; header_4_letter_spacing=&#8221;1px&#8221; header_5_font=&#8221;|800|||||||&#8221; header_5_text_color=&#8221;#f07d07&#8243; header_5_font_size=&#8221;45px&#8221; header_5_letter_spacing=&#8221;1px&#8221; header_6_font=&#8221;|800|||||||&#8221; header_6_text_color=&#8221;#f07d07&#8243; header_6_font_size=&#8221;45px&#8221; header_6_letter_spacing=&#8221;1px&#8221; background_size=&#8221;initial&#8221; background_position=&#8221;top_left&#8221; background_repeat=&#8221;repeat&#8221; header_font_size_tablet=&#8221;25px&#8221; header_font_size_phone=&#8221;&#8221; header_font_size_last_edited=&#8221;on|desktop&#8221; header_2_font_size_tablet=&#8221;25px&#8221; header_2_font_size_phone=&#8221;&#8221; header_2_font_size_last_edited=&#8221;on|desktop&#8221; header_3_font_size_tablet=&#8221;25px&#8221; header_3_font_size_phone=&#8221;&#8221; header_3_font_size_last_edited=&#8221;on|desktop&#8221; header_4_font_size_tablet=&#8221;25px&#8221; header_4_font_size_phone=&#8221;&#8221; header_4_font_size_last_edited=&#8221;on|desktop&#8221; header_5_font_size_tablet=&#8221;25px&#8221; header_5_font_size_phone=&#8221;&#8221; header_5_font_size_last_edited=&#8221;on|desktop&#8221; header_6_font_size_tablet=&#8221;25px&#8221; header_6_font_size_phone=&#8221;&#8221; header_6_font_size_last_edited=&#8221;on|desktop&#8221; global_colors_info=&#8221;{}&#8221;]<\/p>\n<h1>Qu\u00e8 fem?<\/h1>\n<p>&nbsp;<\/p>\n<p>[\/et_pb_text][\/et_pb_column][\/et_pb_row][\/et_pb_section][et_pb_section fb_built=&#8221;1&#8243; admin_label=&#8221;Volunteering&#8221; _builder_version=&#8221;4.16&#8243; background_color=&#8221;#f7f7f7&#8243; custom_padding=&#8221;5vw||5vw||true&#8221; locked=&#8221;off&#8221; global_colors_info=&#8221;{}&#8221;][et_pb_row _builder_version=&#8221;4.16&#8243; _module_preset=&#8221;default&#8221; max_width=&#8221;80%&#8221; global_colors_info=&#8221;{}&#8221;][et_pb_column type=&#8221;4_4&#8243; _builder_version=&#8221;4.16&#8243; _module_preset=&#8221;default&#8221; global_colors_info=&#8221;{}&#8221;][et_pb_text _builder_version=&#8221;4.16&#8243; _module_preset=&#8221;default&#8221; text_font=&#8221;Montserrat||||||||&#8221; text_text_color=&#8221;#000000&#8243; global_colors_info=&#8221;{}&#8221;]<\/p>\n<p style=\"text-align: justify;\">IAP <span>\u00e9s una <\/span><span class=\"hiddenSpellError\">ONGD<\/span><span> amb tres l\u00ednies fonamentals d&#8217;actuaci\u00f3: l&#8217;<strong>Acompanyament Internacional a Col\u00f2mbia, els projectes de cooperaci\u00f3 i l&#8217;Educaci\u00f3 per a la Just\u00edcia Global<\/strong>.<\/span><\/p>\n<p style=\"text-align: justify;\"><span>Totes aquestes l\u00ednies es <strong>relacionen i complementen entre si<\/strong> <strong>entorn d&#8217;una visi\u00f3 integral de la cooperaci\u00f3 internacional al desenvolupament basada en la solidaritat internacional<\/strong>. Treballem sempre facilitant espais de seguretat, apoderament i construcci\u00f3 del teixit social organitzat, des dels quals es fa front als desafiaments i injust\u00edcies del m\u00f3n globalitzat en el qual vivim.<\/span><\/p>\n<p>[\/et_pb_text][\/et_pb_column][\/et_pb_row][et_pb_row column_structure=&#8221;1_3,1_3,1_3&#8243; use_custom_gutter=&#8221;on&#8221; gutter_width=&#8221;2&#8243; make_equal=&#8221;on&#8221; _builder_version=&#8221;4.16&#8243; _module_preset=&#8221;default&#8221; max_width=&#8221;80%&#8221; global_colors_info=&#8221;{}&#8221;][et_pb_column type=&#8221;1_3&#8243; _builder_version=&#8221;4.16&#8243; _module_preset=&#8221;default&#8221; background_color=&#8221;rgba(0,0,0,0.5)&#8221; background_image=&#8221;https:\/\/vigorous-einstein.82-165-3-172.plesk.page\/wp-content\/uploads\/2021\/10\/Foto-cooperacion-scaled.jpg&#8221; background_blend=&#8221;darken&#8221; global_colors_info=&#8221;{}&#8221;][et_pb_text _builder_version=&#8221;4.16&#8243; _module_preset=&#8221;default&#8221; header_2_font=&#8221;|700|||||||&#8221; header_2_text_color=&#8221;#FFFFFF&#8221; header_2_font_size=&#8221;25px&#8221; custom_padding=&#8221;30%||30%||true|false&#8221; link_option_url=&#8221;\/cooperacion-al-desarrollo\/&#8221; custom_css_main_element=&#8221;min-height:290px;&#8221; global_colors_info=&#8221;{}&#8221;]<\/p>\n<h2 style=\"text-align: center;\">Cooperaci\u00f3 Internacional<\/h2>\n<p>[\/et_pb_text][\/et_pb_column][et_pb_column type=&#8221;1_3&#8243; _builder_version=&#8221;4.16&#8243; _module_preset=&#8221;default&#8221; background_color=&#8221;rgba(0,0,0,0.5)&#8221; background_image=&#8221;https:\/\/vigorous-einstein.82-165-3-172.plesk.page\/wp-content\/uploads\/2021\/10\/Foto-educacion-para-el-desarrollo.jpeg&#8221; background_blend=&#8221;darken&#8221; global_colors_info=&#8221;{}&#8221;][et_pb_text _builder_version=&#8221;4.16&#8243; _module_preset=&#8221;default&#8221; header_2_font=&#8221;|700|||||||&#8221; header_2_text_color=&#8221;#FFFFFF&#8221; header_2_font_size=&#8221;25px&#8221; custom_padding=&#8221;30%||30%||true|false&#8221; link_option_url=&#8221;https:\/\/vigorous-einstein.82-165-3-172.plesk.page\/ca\/educacio-justicia-global\/&#8221; custom_css_main_element=&#8221;min-height:290px;&#8221; global_colors_info=&#8221;{}&#8221;]<\/p>\n<h2 style=\"text-align: center;\"><span>Educaci\u00f3 per a la Just\u00edcia Global<\/span><\/h2>\n<p>[\/et_pb_text][\/et_pb_column][et_pb_column type=&#8221;1_3&#8243; _builder_version=&#8221;4.16&#8243; _module_preset=&#8221;default&#8221; background_color=&#8221;rgba(0,0,0,0.5)&#8221; background_image=&#8221;https:\/\/vigorous-einstein.82-165-3-172.plesk.page\/wp-content\/uploads\/2021\/10\/Foto-acompanamiento-scaled.jpg&#8221; background_blend=&#8221;darken&#8221; global_colors_info=&#8221;{}&#8221;][et_pb_text _builder_version=&#8221;4.16&#8243; _module_preset=&#8221;default&#8221; header_2_font=&#8221;|700|||||||&#8221; header_2_text_color=&#8221;#FFFFFF&#8221; header_2_font_size=&#8221;25px&#8221; custom_padding=&#8221;30%||30%||true|false&#8221; link_option_url=&#8221;\/acompanamiento-internacional\/&#8221; custom_css_main_element=&#8221;min-height:290px;&#8221; global_colors_info=&#8221;{}&#8221;]<\/p>\n<h2 style=\"text-align: center;\">Acompanyament Internacional<\/h2>\n<p>[\/et_pb_text][\/et_pb_column][\/et_pb_row][et_pb_row _builder_version=&#8221;4.16&#8243; _module_preset=&#8221;default&#8221; max_width=&#8221;80%&#8221; global_colors_info=&#8221;{}&#8221;][et_pb_column type=&#8221;4_4&#8243; _builder_version=&#8221;4.16&#8243; _module_preset=&#8221;default&#8221; global_colors_info=&#8221;{}&#8221;][et_pb_text _builder_version=&#8221;4.23.4&#8243; _module_preset=&#8221;default&#8221; text_font=&#8221;Montserrat||||||||&#8221; text_text_color=&#8221;#000000&#8243; global_colors_info=&#8221;{}&#8221;]<\/p>\n<p style=\"text-align: justify;\"><span>D&#8217;altra banda, dins de l&#8217;organitzaci\u00f3 tenim <strong>vuit \u00e0rees de treball<\/strong>: voluntariat, acompanyament internacional, protecci\u00f3 global, cooperaci\u00f3, educaci\u00f3 per a la just\u00edcia global, comunicaci\u00f3, incid\u00e8ncia pol\u00edtica i coordinaci\u00f3 interna.<\/span><\/p>\n<p>[\/et_pb_text][\/et_pb_column][\/et_pb_row][et_pb_row _builder_version=&#8221;4.23.4&#8243; _module_preset=&#8221;default&#8221; link_option_url=&#8221;https:\/\/vigorous-einstein.82-165-3-172.plesk.page\/wp-content\/uploads\/2023\/04\/PLAN-ESTRATE%CC%81GICO.pdf&#8221; global_colors_info=&#8221;{}&#8221;][et_pb_column type=&#8221;4_4&#8243; _builder_version=&#8221;4.23.4&#8243; _module_preset=&#8221;default&#8221; global_colors_info=&#8221;{}&#8221;][et_pb_button button_url=&#8221;https:\/\/vigorous-einstein.82-165-3-172.plesk.page\/wp-content\/uploads\/2023\/04\/PLAN-ESTRATE%CC%81GICO.pdf&#8221; button_text=&#8221; PLA ESTRAT\u00c8GIC 2023-2026&#8243; button_alignment=&#8221;center&#8221; _builder_version=&#8221;4.23.4&#8243; _module_preset=&#8221;default&#8221; filter_hue_rotate=&#8221;40deg&#8221; hover_enabled=&#8221;0&#8243; global_colors_info=&#8221;{}&#8221; sticky_enabled=&#8221;0&#8243;][\/et_pb_button][\/et_pb_column][\/et_pb_row][et_pb_row _builder_version=&#8221;4.16&#8243; _module_preset=&#8221;default&#8221; max_width=&#8221;80%&#8221; global_colors_info=&#8221;{}&#8221;][et_pb_column type=&#8221;4_4&#8243; _builder_version=&#8221;4.16&#8243; _module_preset=&#8221;default&#8221; global_colors_info=&#8221;{}&#8221;][et_pb_text _builder_version=&#8221;4.23.4&#8243; _module_preset=&#8221;default&#8221; text_font=&#8221;Montserrat||||||||&#8221; text_text_color=&#8221;#000000&#8243; global_colors_info=&#8221;{}&#8221;]<\/p>\n<h1 style=\"text-align: justify;\"><span>IAP<\/span><span>\u00a0en l&#8217;agenda 2030<\/span><\/h1>\n<p><span><\/span><\/p>\n<p style=\"text-align: justify;\"><span>La labor de\u00a0IAP\u00a0s&#8217;emmarca en <strong>l&#8217;Agenda 2030 de les Nacions Unides per a contribuir al desenvolupament global, el benestar hum\u00e0 i protegir el medi ambient.<\/strong><\/p>\n<p>Els elements essencials de l&#8217;Agenda 2030 s\u00f3n els 17 Objectius de Desenvolupament Sostenible (ODS)\u00a0i les 169 metes que apunten a acabar amb la pobresa, lluitar contra les desigualtats i aconseguir un desenvolupament social i econ\u00f2mic.<\/p>\n<p>A m\u00e9s, aborden aspectes de fonamental import\u00e0ncia, com enfrontar-se al canvi clim\u00e0tic i construir societats pac\u00edfiques.<br \/><strong>Els\u00a0ODS\u00a0tenen validesa universal<\/strong>, \u00e9s a dir, que tots els pa\u00efsos han d&#8217;aportar la seva contribuci\u00f3 per a aconseguir-los a partir de les tres dimensions del desenvolupament sostenible: l&#8217;econ\u00f2mica, la social i l&#8217;ecol\u00f2gica.<\/p>\n<p><strong>IAP\u00a0assumeix la seva corresponsabilitat<\/strong> en aquest repte global i en la seva acci\u00f3 contribueix especialment a l&#8217;abast de diversos objectius:<\/span><\/p>\n<p style=\"text-align: justify;\"><span>1. Pobresa zero.<br \/>2. Fam zero.<br \/>3. Salut i benestar.<br \/>5. Igualtat de g\u00e8nere.<br \/>6. Aigua neta i sanejament.<br \/>10. Reducci\u00f3 de les desigualtats.<br \/>11. Ciutats i comunitats sostenibles.<br \/>12. Consum i producci\u00f3 responsable.<br \/>13. Acci\u00f3 pel clima.<br \/>16. Pau, just\u00edcia i institucions s\u00f2lides.<br \/>17. Aliances per a aconseguir els objectius.<\/span><span><\/span><\/p>\n<p style=\"text-align: justify;\"><span><\/span><\/p>\n<p style=\"text-align: justify;\">\n<p style=\"text-align: justify;\"><span><\/span><\/p>\n<p>[\/et_pb_text][\/et_pb_column][\/et_pb_row][et_pb_row _builder_version=&#8221;4.23.4&#8243; _module_preset=&#8221;default&#8221; global_colors_info=&#8221;{}&#8221;][et_pb_column type=&#8221;4_4&#8243; _builder_version=&#8221;4.23.4&#8243; _module_preset=&#8221;default&#8221; global_colors_info=&#8221;{}&#8221;][et_pb_image src=&#8221;https:\/\/vigorous-einstein.82-165-3-172.plesk.page\/wp-content\/uploads\/2023\/06\/imagen-ODS1268.jpeg&#8221; title_text=&#8221;imagen-ODS1268&#8243; _builder_version=&#8221;4.23.4&#8243; _module_preset=&#8221;default&#8221; global_colors_info=&#8221;{}&#8221;][\/et_pb_image][\/et_pb_column][\/et_pb_row][\/et_pb_section]<\/p>\n","protected":false},"excerpt":{"rendered":"<p>Qu\u00e8 fem? &nbsp;IAP \u00e9s una ONGD amb tres l\u00ednies fonamentals d&#8217;actuaci\u00f3: l&#8217;Acompanyament Internacional a Col\u00f2mbia, els projectes de cooperaci\u00f3 i l&#8217;Educaci\u00f3 per a la Just\u00edcia Global. Totes aquestes l\u00ednies es relacionen i complementen entre si entorn d&#8217;una visi\u00f3 integral de la cooperaci\u00f3 internacional al desenvolupament basada en la solidaritat internacional. Treballem sempre facilitant espais de [&hellip;]<\/p>\n","protected":false},"author":3,"featured_media":0,"parent":359353,"menu_order":8,"comment_status":"open","ping_status":"open","template":"","meta":{"_et_pb_use_builder":"on","_et_pb_old_content":"IAP es una <strong>ONGD<\/strong> con dos l\u00edneas fundamentales de actuaci\u00f3n: El <strong>acompa\u00f1amiento internacional<\/strong> en Colombia y la <strong>educaci\u00f3n para el desarrollo<\/strong> en Europa.\r\n\r\nAunque puedan parecer tareas muy diferenciadas, ambas son parte de una visi\u00f3n integral de entender la cooperaci\u00f3n internacional al desarrollo, y se relacionan y complementan entre s\u00ed. Trabajamos siempre facilitando <strong>espacios de seguridad, empoderamiento, y construcci\u00f3n de tejido social organizado<\/strong>, desde los cuales se hace frente a los desaf\u00edos e injusticias del mundo globalizado en el que vivimos.\r\n\r\nTransversalmente nuestra labor hace referencia a los <strong>17 Objetivos de Desarrollo Sostenible<\/strong> (ODS) de la Agenda 2030. Sin embargo, nuestro trabajo se acerca m\u00e1s espec\u00edficamente al objetivo 16 sobre paz, justicia e instituciones s\u00f3lidas, sobre todo en el punto de que sean las personas de las propias comunidades las que puedan participar en el proceso de adopci\u00f3n de las decisiones que afecta a su vida, leyes y pol\u00edticas no discriminatorias.","_et_gb_content_width":"","footnotes":""},"class_list":["post-359145","page","type-page","status-publish","hentry"],"yoast_head":"<!-- This site is optimized with the Yoast SEO plugin v27.5 - https:\/\/yoast.com\/product\/yoast-seo-wordpress\/ -->\n<title>Qu\u00e8 fem? - IAP | International Action For Peace<\/title>\n<meta name=\"description\" content=\"IAP \u00e9s una ONGD amb tres l\u00ednies: l\u2019Acompanyament Internacional a Col\u00f2mbia, els projectes de cooperaci\u00f3 i l\u2019educaci\u00f3 per al desenvolupament.\" \/>\n<meta name=\"robots\" content=\"index, follow, max-snippet:-1, max-image-preview:large, max-video-preview:-1\" \/>\n<link rel=\"canonical\" href=\"https:\/\/vigorous-einstein.82-165-3-172.plesk.page\/ca\/iap\/que-fem\/\" \/>\n<meta property=\"og:locale\" content=\"ca_ES\" \/>\n<meta property=\"og:type\" content=\"article\" \/>\n<meta property=\"og:title\" content=\"Qu\u00e8 fem? - IAP | International Action For Peace\" \/>\n<meta property=\"og:description\" content=\"IAP \u00e9s una ONGD amb tres l\u00ednies: l\u2019Acompanyament Internacional a Col\u00f2mbia, els projectes de cooperaci\u00f3 i l\u2019educaci\u00f3 per al desenvolupament.\" \/>\n<meta property=\"og:url\" content=\"https:\/\/vigorous-einstein.82-165-3-172.plesk.page\/ca\/iap\/que-fem\/\" \/>\n<meta property=\"og:site_name\" content=\"IAP | International Action For Peace\" \/>\n<meta property=\"article:publisher\" content=\"https:\/\/www.facebook.com\/IapActionpeace\" \/>\n<meta property=\"article:modified_time\" content=\"2024-01-03T16:24:51+00:00\" \/>\n<meta name=\"twitter:card\" content=\"summary_large_image\" \/>\n<meta name=\"twitter:site\" content=\"@iap_actionpeace\" \/>\n<meta name=\"twitter:label1\" content=\"Temps estimat de lectura\" \/>\n\t<meta name=\"twitter:data1\" content=\"6 minuts\" \/>\n<script type=\"application\/ld+json\" class=\"yoast-schema-graph\">{\"@context\":\"https:\\\/\\\/schema.org\",\"@graph\":[{\"@type\":\"WebPage\",\"@id\":\"https:\\\/\\\/vigorous-einstein.82-165-3-172.plesk.page\\\/ca\\\/iap\\\/que-fem\\\/\",\"url\":\"https:\\\/\\\/vigorous-einstein.82-165-3-172.plesk.page\\\/ca\\\/iap\\\/que-fem\\\/\",\"name\":\"Qu\u00e8 fem? - IAP | International Action For Peace\",\"isPartOf\":{\"@id\":\"https:\\\/\\\/vigorous-einstein.82-165-3-172.plesk.page\\\/ca\\\/#website\"},\"datePublished\":\"2015-03-11T23:32:52+00:00\",\"dateModified\":\"2024-01-03T16:24:51+00:00\",\"description\":\"IAP \u00e9s una ONGD amb tres l\u00ednies: l\u2019Acompanyament Internacional a Col\u00f2mbia, els projectes de cooperaci\u00f3 i l\u2019educaci\u00f3 per al desenvolupament.\",\"breadcrumb\":{\"@id\":\"https:\\\/\\\/vigorous-einstein.82-165-3-172.plesk.page\\\/ca\\\/iap\\\/que-fem\\\/#breadcrumb\"},\"inLanguage\":\"ca\",\"potentialAction\":[{\"@type\":\"ReadAction\",\"target\":[\"https:\\\/\\\/vigorous-einstein.82-165-3-172.plesk.page\\\/ca\\\/iap\\\/que-fem\\\/\"]}]},{\"@type\":\"BreadcrumbList\",\"@id\":\"https:\\\/\\\/vigorous-einstein.82-165-3-172.plesk.page\\\/ca\\\/iap\\\/que-fem\\\/#breadcrumb\",\"itemListElement\":[{\"@type\":\"ListItem\",\"position\":1,\"name\":\"Inici\",\"item\":\"https:\\\/\\\/vigorous-einstein.82-165-3-172.plesk.page\\\/ca\\\/\"},{\"@type\":\"ListItem\",\"position\":2,\"name\":\"IAP &#8211; ActionPeace\",\"item\":\"https:\\\/\\\/vigorous-einstein.82-165-3-172.plesk.page\\\/ca\\\/\"},{\"@type\":\"ListItem\",\"position\":3,\"name\":\"Qu\u00e8 fem?\"}]},{\"@type\":\"WebSite\",\"@id\":\"https:\\\/\\\/vigorous-einstein.82-165-3-172.plesk.page\\\/ca\\\/#website\",\"url\":\"https:\\\/\\\/vigorous-einstein.82-165-3-172.plesk.page\\\/ca\\\/\",\"name\":\"IAP | International Action For Peace\",\"description\":\"IAP\",\"publisher\":{\"@id\":\"https:\\\/\\\/vigorous-einstein.82-165-3-172.plesk.page\\\/ca\\\/#organization\"},\"potentialAction\":[{\"@type\":\"SearchAction\",\"target\":{\"@type\":\"EntryPoint\",\"urlTemplate\":\"https:\\\/\\\/vigorous-einstein.82-165-3-172.plesk.page\\\/ca\\\/?s={search_term_string}\"},\"query-input\":{\"@type\":\"PropertyValueSpecification\",\"valueRequired\":true,\"valueName\":\"search_term_string\"}}],\"inLanguage\":\"ca\"},{\"@type\":\"Organization\",\"@id\":\"https:\\\/\\\/vigorous-einstein.82-165-3-172.plesk.page\\\/ca\\\/#organization\",\"name\":\"Action Peace\",\"url\":\"https:\\\/\\\/vigorous-einstein.82-165-3-172.plesk.page\\\/ca\\\/\",\"logo\":{\"@type\":\"ImageObject\",\"inLanguage\":\"ca\",\"@id\":\"https:\\\/\\\/vigorous-einstein.82-165-3-172.plesk.page\\\/ca\\\/#\\\/schema\\\/logo\\\/image\\\/\",\"url\":\"https:\\\/\\\/vigorous-einstein.82-165-3-172.plesk.page\\\/wp-content\\\/uploads\\\/2022\\\/02\\\/logo-international-action-for-peace.png\",\"contentUrl\":\"https:\\\/\\\/vigorous-einstein.82-165-3-172.plesk.page\\\/wp-content\\\/uploads\\\/2022\\\/02\\\/logo-international-action-for-peace.png\",\"width\":650,\"height\":157,\"caption\":\"Action Peace\"},\"image\":{\"@id\":\"https:\\\/\\\/vigorous-einstein.82-165-3-172.plesk.page\\\/ca\\\/#\\\/schema\\\/logo\\\/image\\\/\"},\"sameAs\":[\"https:\\\/\\\/www.facebook.com\\\/IapActionpeace\",\"https:\\\/\\\/x.com\\\/iap_actionpeace\",\"https:\\\/\\\/www.instagram.com\\\/iap_actionpeace\\\/\",\"https:\\\/\\\/www.youtube.com\\\/channel\\\/UCk0Mst1cXUwqnpTjtjNYy3w\"]}]}<\/script>\n<!-- \/ Yoast SEO plugin. -->","yoast_head_json":{"title":"Qu\u00e8 fem? - IAP | International Action For Peace","description":"IAP \u00e9s una ONGD amb tres l\u00ednies: l\u2019Acompanyament Internacional a Col\u00f2mbia, els projectes de cooperaci\u00f3 i l\u2019educaci\u00f3 per al desenvolupament.","robots":{"index":"index","follow":"follow","max-snippet":"max-snippet:-1","max-image-preview":"max-image-preview:large","max-video-preview":"max-video-preview:-1"},"canonical":"https:\/\/vigorous-einstein.82-165-3-172.plesk.page\/ca\/iap\/que-fem\/","og_locale":"ca_ES","og_type":"article","og_title":"Qu\u00e8 fem? - IAP | International Action For Peace","og_description":"IAP \u00e9s una ONGD amb tres l\u00ednies: l\u2019Acompanyament Internacional a Col\u00f2mbia, els projectes de cooperaci\u00f3 i l\u2019educaci\u00f3 per al desenvolupament.","og_url":"https:\/\/vigorous-einstein.82-165-3-172.plesk.page\/ca\/iap\/que-fem\/","og_site_name":"IAP | International Action For Peace","article_publisher":"https:\/\/www.facebook.com\/IapActionpeace","article_modified_time":"2024-01-03T16:24:51+00:00","twitter_card":"summary_large_image","twitter_site":"@iap_actionpeace","twitter_misc":{"Temps estimat de lectura":"6 minuts"},"schema":{"@context":"https:\/\/schema.org","@graph":[{"@type":"WebPage","@id":"https:\/\/vigorous-einstein.82-165-3-172.plesk.page\/ca\/iap\/que-fem\/","url":"https:\/\/vigorous-einstein.82-165-3-172.plesk.page\/ca\/iap\/que-fem\/","name":"Qu\u00e8 fem? - IAP | International Action For Peace","isPartOf":{"@id":"https:\/\/vigorous-einstein.82-165-3-172.plesk.page\/ca\/#website"},"datePublished":"2015-03-11T23:32:52+00:00","dateModified":"2024-01-03T16:24:51+00:00","description":"IAP \u00e9s una ONGD amb tres l\u00ednies: l\u2019Acompanyament Internacional a Col\u00f2mbia, els projectes de cooperaci\u00f3 i l\u2019educaci\u00f3 per al desenvolupament.","breadcrumb":{"@id":"https:\/\/vigorous-einstein.82-165-3-172.plesk.page\/ca\/iap\/que-fem\/#breadcrumb"},"inLanguage":"ca","potentialAction":[{"@type":"ReadAction","target":["https:\/\/vigorous-einstein.82-165-3-172.plesk.page\/ca\/iap\/que-fem\/"]}]},{"@type":"BreadcrumbList","@id":"https:\/\/vigorous-einstein.82-165-3-172.plesk.page\/ca\/iap\/que-fem\/#breadcrumb","itemListElement":[{"@type":"ListItem","position":1,"name":"Inici","item":"https:\/\/vigorous-einstein.82-165-3-172.plesk.page\/ca\/"},{"@type":"ListItem","position":2,"name":"IAP &#8211; ActionPeace","item":"https:\/\/vigorous-einstein.82-165-3-172.plesk.page\/ca\/"},{"@type":"ListItem","position":3,"name":"Qu\u00e8 fem?"}]},{"@type":"WebSite","@id":"https:\/\/vigorous-einstein.82-165-3-172.plesk.page\/ca\/#website","url":"https:\/\/vigorous-einstein.82-165-3-172.plesk.page\/ca\/","name":"IAP | International Action For Peace","description":"IAP","publisher":{"@id":"https:\/\/vigorous-einstein.82-165-3-172.plesk.page\/ca\/#organization"},"potentialAction":[{"@type":"SearchAction","target":{"@type":"EntryPoint","urlTemplate":"https:\/\/vigorous-einstein.82-165-3-172.plesk.page\/ca\/?s={search_term_string}"},"query-input":{"@type":"PropertyValueSpecification","valueRequired":true,"valueName":"search_term_string"}}],"inLanguage":"ca"},{"@type":"Organization","@id":"https:\/\/vigorous-einstein.82-165-3-172.plesk.page\/ca\/#organization","name":"Action Peace","url":"https:\/\/vigorous-einstein.82-165-3-172.plesk.page\/ca\/","logo":{"@type":"ImageObject","inLanguage":"ca","@id":"https:\/\/vigorous-einstein.82-165-3-172.plesk.page\/ca\/#\/schema\/logo\/image\/","url":"https:\/\/vigorous-einstein.82-165-3-172.plesk.page\/wp-content\/uploads\/2022\/02\/logo-international-action-for-peace.png","contentUrl":"https:\/\/vigorous-einstein.82-165-3-172.plesk.page\/wp-content\/uploads\/2022\/02\/logo-international-action-for-peace.png","width":650,"height":157,"caption":"Action Peace"},"image":{"@id":"https:\/\/vigorous-einstein.82-165-3-172.plesk.page\/ca\/#\/schema\/logo\/image\/"},"sameAs":["https:\/\/www.facebook.com\/IapActionpeace","https:\/\/x.com\/iap_actionpeace","https:\/\/www.instagram.com\/iap_actionpeace\/","https:\/\/www.youtube.com\/channel\/UCk0Mst1cXUwqnpTjtjNYy3w"]}]}},"_links":{"self":[{"href":"https:\/\/vigorous-einstein.82-165-3-172.plesk.page\/ca\/wp-json\/wp\/v2\/pages\/359145","targetHints":{"allow":["GET"]}}],"collection":[{"href":"https:\/\/vigorous-einstein.82-165-3-172.plesk.page\/ca\/wp-json\/wp\/v2\/pages"}],"about":[{"href":"https:\/\/vigorous-einstein.82-165-3-172.plesk.page\/ca\/wp-json\/wp\/v2\/types\/page"}],"author":[{"embeddable":true,"href":"https:\/\/vigorous-einstein.82-165-3-172.plesk.page\/ca\/wp-json\/wp\/v2\/users\/3"}],"replies":[{"embeddable":true,"href":"https:\/\/vigorous-einstein.82-165-3-172.plesk.page\/ca\/wp-json\/wp\/v2\/comments?post=359145"}],"version-history":[{"count":14,"href":"https:\/\/vigorous-einstein.82-165-3-172.plesk.page\/ca\/wp-json\/wp\/v2\/pages\/359145\/revisions"}],"predecessor-version":[{"id":361688,"href":"https:\/\/vigorous-einstein.82-165-3-172.plesk.page\/ca\/wp-json\/wp\/v2\/pages\/359145\/revisions\/361688"}],"up":[{"embeddable":true,"href":"https:\/\/vigorous-einstein.82-165-3-172.plesk.page\/ca\/wp-json\/wp\/v2\/pages\/359353"}],"wp:attachment":[{"href":"https:\/\/vigorous-einstein.82-165-3-172.plesk.page\/ca\/wp-json\/wp\/v2\/media?parent=359145"}],"curies":[{"name":"wp","href":"https:\/\/api.w.org\/{rel}","templated":true}]}}