{"id":359153,"date":"2017-06-17T17:12:33","date_gmt":"2017-06-17T15:12:33","guid":{"rendered":"https:\/\/vigorous-einstein.82-165-3-172.plesk.page\/cooperacion-al-desarrollo\/"},"modified":"2023-01-10T11:14:53","modified_gmt":"2023-01-10T10:14:53","slug":"cooperacio-internacional","status":"publish","type":"page","link":"https:\/\/vigorous-einstein.82-165-3-172.plesk.page\/ca\/cooperacio-internacional\/","title":{"rendered":"Cooperaci\u00f3 Internacional"},"content":{"rendered":"<p>[et_pb_section fb_built=&#8221;1&#8243; admin_label=&#8221;section&#8221; _builder_version=&#8221;4.9.4&#8243; use_background_color_gradient=&#8221;on&#8221; background_color_gradient_start=&#8221;rgba(0,0,0,0.14)&#8221; background_color_gradient_end=&#8221;rgba(0,0,0,0.83)&#8221; background_color_gradient_direction=&#8221;1deg&#8221; background_color_gradient_overlays_image=&#8221;on&#8221; background_image=&#8221;https:\/\/vigorous-einstein.82-165-3-172.plesk.page\/wp-content\/uploads\/2021\/09\/MG_2179-scaled.jpg&#8221; custom_padding=&#8221;4vw||4vw||true|false&#8221;][et_pb_row admin_label=&#8221;row&#8221; _builder_version=&#8221;3.25&#8243; background_size=&#8221;initial&#8221; background_position=&#8221;top_left&#8221; background_repeat=&#8221;repeat&#8221;][et_pb_column type=&#8221;4_4&#8243; _builder_version=&#8221;3.25&#8243; custom_padding=&#8221;|||&#8221; custom_padding__hover=&#8221;|||&#8221;][et_pb_text admin_label=&#8221;Text&#8221; _builder_version=&#8221;4.9.4&#8243; header_font=&#8221;|800|||||||&#8221; header_text_align=&#8221;center&#8221; header_text_color=&#8221;#FFFFFF&#8221; header_font_size=&#8221;45px&#8221; header_letter_spacing=&#8221;1px&#8221; header_2_font=&#8221;|800|||||||&#8221; header_2_text_color=&#8221;#f07d07&#8243; header_2_font_size=&#8221;45px&#8221; header_2_letter_spacing=&#8221;1px&#8221; header_3_font=&#8221;|800|||||||&#8221; header_3_text_color=&#8221;#f07d07&#8243; header_3_font_size=&#8221;45px&#8221; header_3_letter_spacing=&#8221;1px&#8221; header_4_font=&#8221;|800|||||||&#8221; header_4_text_color=&#8221;#f07d07&#8243; header_4_font_size=&#8221;45px&#8221; header_4_letter_spacing=&#8221;1px&#8221; header_5_font=&#8221;|800|||||||&#8221; header_5_text_color=&#8221;#f07d07&#8243; header_5_font_size=&#8221;45px&#8221; header_5_letter_spacing=&#8221;1px&#8221; header_6_font=&#8221;|800|||||||&#8221; header_6_text_color=&#8221;#f07d07&#8243; header_6_font_size=&#8221;45px&#8221; header_6_letter_spacing=&#8221;1px&#8221; background_size=&#8221;initial&#8221; background_position=&#8221;top_left&#8221; background_repeat=&#8221;repeat&#8221; header_font_size_tablet=&#8221;25px&#8221; header_font_size_phone=&#8221;&#8221; header_font_size_last_edited=&#8221;on|desktop&#8221; header_2_font_size_tablet=&#8221;25px&#8221; header_2_font_size_phone=&#8221;&#8221; header_2_font_size_last_edited=&#8221;on|desktop&#8221; header_3_font_size_tablet=&#8221;25px&#8221; header_3_font_size_phone=&#8221;&#8221; header_3_font_size_last_edited=&#8221;on|desktop&#8221; header_4_font_size_tablet=&#8221;25px&#8221; header_4_font_size_phone=&#8221;&#8221; header_4_font_size_last_edited=&#8221;on|desktop&#8221; header_5_font_size_tablet=&#8221;25px&#8221; header_5_font_size_phone=&#8221;&#8221; header_5_font_size_last_edited=&#8221;on|desktop&#8221; header_6_font_size_tablet=&#8221;25px&#8221; header_6_font_size_phone=&#8221;&#8221; header_6_font_size_last_edited=&#8221;on|desktop&#8221;]<\/p>\n<h1>Cooperaci\u00f3 Internacional<\/h1>\n<p>[\/et_pb_text][\/et_pb_column][\/et_pb_row][\/et_pb_section][et_pb_section fb_built=&#8221;1&#8243; admin_label=&#8221;Volunteering&#8221; _builder_version=&#8221;3.22&#8243; background_color=&#8221;#f7f7f7&#8243; custom_padding=&#8221;0vw||0vw||true|&#8221; locked=&#8221;off&#8221;][et_pb_row _builder_version=&#8221;4.9.4&#8243; _module_preset=&#8221;default&#8221; max_width=&#8221;80%&#8221; custom_padding=&#8221;63px|||||&#8221;][et_pb_column type=&#8221;4_4&#8243; _builder_version=&#8221;4.9.4&#8243; _module_preset=&#8221;default&#8221;][et_pb_text _builder_version=&#8221;4.9.4&#8243; _module_preset=&#8221;default&#8221; text_font=&#8221;Montserrat||||||||&#8221; text_text_color=&#8221;#000000&#8243;]<\/p>\n<p style=\"text-align: justify;\">IAP ent\u00e9n la cooperaci\u00f3 com un <strong>mecanisme de solidaritat i suport entre organitzacions del Nord i Sud global<\/strong> per a fomentar la capacitat d&#8217;exig\u00e8ncia i protecci\u00f3 del respecte als Drets Humans per part de l&#8217;Estat. Al marge de l&#8217;acompanyament internacional, IAP coordina al costat d&#8217;organitzacions camperoles i d&#8217;excombatents en proc\u00e9s de reincorporaci\u00f3 diferents projectes i programes de cooperaci\u00f3 al desenvolupament dedicats a la <strong>construcci\u00f3 de Pau en el context dels Acords de Pau<\/strong>, i a enfortir mecanismes de prevenci\u00f3 i protecci\u00f3 que organitzacions i comunitats han anat desenvolupant enfront de la viol\u00e8ncia pol\u00edtica al llarg de d\u00e8cades de conflicte.<\/p>\n<p style=\"text-align: justify;\">La cooperaci\u00f3 internacional d\u2019IAP <strong>neix de la necessitat i demanda de les pr\u00f2pies organitzacions socials<\/strong> amb les quals col\u00b7laborem. \u00c9s un tipus de cooperaci\u00f3 basada en la no inger\u00e8ncia i es vertebra al voltant d&#8217;alguns eixos prioritaris:<\/p>\n<p style=\"text-align: justify;\">\n<ul style=\"text-align: justify;\">\n<li>Prevenci\u00f3 i protecci\u00f3 de col\u00b7lectius amena\u00e7ats.<\/li>\n<\/ul>\n<ul style=\"text-align: justify;\">\n<li>Desenvolupament rural i sobirania aliment\u00e0ria.<\/li>\n<\/ul>\n<ul style=\"text-align: justify;\">\n<li>Reincorporaci\u00f3 d&#8217;excombatents.<\/li>\n<\/ul>\n<ul>\n<li style=\"text-align: justify;\">Feminisme i just\u00edcia ambiental.<\/li>\n<\/ul>\n<p>[\/et_pb_text][\/et_pb_column][\/et_pb_row][\/et_pb_section][et_pb_section fb_built=&#8221;1&#8243; admin_label=&#8221;Adrian Blog Filterable &#8211; Ragnar&#8221; module_class=&#8221;ragnar_blog_adrian&#8221; _builder_version=&#8221;4.9.4&#8243; _module_preset=&#8221;default&#8221; background_color=&#8221;#f4f4f4&#8243; custom_padding=&#8221;18px|||||&#8221; collapsed=&#8221;on&#8221;][et_pb_row _builder_version=&#8221;4.9.4&#8243; _module_preset=&#8221;default&#8221;][et_pb_column type=&#8221;4_4&#8243; _builder_version=&#8221;4.9.4&#8243; _module_preset=&#8221;default&#8221;][et_pb_text _builder_version=&#8221;4.9.4&#8243; _module_preset=&#8221;default&#8221; text_font=&#8221;|300|||||||&#8221; text_text_color=&#8221;#000000&#8243; text_letter_spacing=&#8221;5px&#8221; text_line_height=&#8221;2.5em&#8221; header_font=&#8221;|800|||||||&#8221; header_text_color=&#8221;#f07d07&#8243; header_font_size=&#8221;45px&#8221; header_letter_spacing=&#8221;1px&#8221; header_2_font=&#8221;|800|||||||&#8221; header_2_text_color=&#8221;#f07d07&#8243; header_2_font_size=&#8221;45px&#8221; header_2_letter_spacing=&#8221;1px&#8221; header_3_font=&#8221;|800|||||||&#8221; header_3_text_color=&#8221;#f07d07&#8243; header_3_font_size=&#8221;45px&#8221; header_3_letter_spacing=&#8221;1px&#8221; header_4_font=&#8221;|800|||||||&#8221; header_4_text_color=&#8221;#f07d07&#8243; header_4_font_size=&#8221;45px&#8221; header_4_letter_spacing=&#8221;1px&#8221; header_5_font=&#8221;|800|||||||&#8221; header_5_text_color=&#8221;#f07d07&#8243; header_5_font_size=&#8221;45px&#8221; header_5_letter_spacing=&#8221;1px&#8221; header_6_font=&#8221;|800|||||||&#8221; header_6_text_color=&#8221;#f07d07&#8243; header_6_font_size=&#8221;45px&#8221; header_6_letter_spacing=&#8221;1px&#8221; header_font_size_tablet=&#8221;25px&#8221; header_font_size_phone=&#8221;&#8221; header_font_size_last_edited=&#8221;on|desktop&#8221; header_2_font_size_tablet=&#8221;25px&#8221; header_2_font_size_phone=&#8221;&#8221; header_2_font_size_last_edited=&#8221;on|desktop&#8221; header_3_font_size_tablet=&#8221;25px&#8221; header_3_font_size_phone=&#8221;&#8221; header_3_font_size_last_edited=&#8221;on|desktop&#8221; header_4_font_size_tablet=&#8221;25px&#8221; header_4_font_size_phone=&#8221;&#8221; header_4_font_size_last_edited=&#8221;on|desktop&#8221; header_5_font_size_tablet=&#8221;25px&#8221; header_5_font_size_phone=&#8221;&#8221; header_5_font_size_last_edited=&#8221;on|desktop&#8221; header_6_font_size_tablet=&#8221;25px&#8221; header_6_font_size_phone=&#8221;&#8221; header_6_font_size_last_edited=&#8221;on|desktop&#8221;]<\/p>\n<h1 style=\"text-align: center;\">Projectes<\/h1>\n<p>[\/et_pb_text][\/et_pb_column][\/et_pb_row][et_pb_row admin_label=&#8221;Adrian Blog Filterable &#8211; Ragnar &#8211; Row&#8221; _builder_version=&#8221;4.6.0&#8243; _module_preset=&#8221;default&#8221; width=&#8221;90%&#8221; max_width=&#8221;1175px&#8221;][et_pb_column type=&#8221;4_4&#8243; _builder_version=&#8221;4.5.5&#8243; _module_preset=&#8221;default&#8221;][et_pb_blog posts_number=&#8221;20&#8243; include_categories=&#8221;424&#8243; meta_date=&#8221;j M Y&#8221; use_manual_excerpt=&#8221;off&#8221; show_more=&#8221;on&#8221; show_author=&#8221;off&#8221; show_date=&#8221;off&#8221; show_categories=&#8221;off&#8221; show_excerpt=&#8221;off&#8221; admin_label=&#8221;Adrian Blog Filterable &#8211; Ragnar &#8211; Blog&#8221; _builder_version=&#8221;4.9.4&#8243; _module_preset=&#8221;default&#8221; header_font=&#8221;Roboto||||||||&#8221; header_text_color=&#8221;#000000&#8243; header_font_size=&#8221;18px&#8221; header_line_height=&#8221;130%&#8221; body_font_size=&#8221;18px&#8221; meta_font=&#8221;Roboto||||||||&#8221; meta_text_color=&#8221;#000000&#8243; meta_font_size=&#8221;16px&#8221; meta_line_height=&#8221;120%&#8221; read_more_font=&#8221;Roboto||||||||&#8221; read_more_text_color=&#8221;#000000&#8243; read_more_line_height=&#8221;120%&#8221; child_mix_blend_mode=&#8221;multiply&#8221; header_text_color_tablet=&#8221;&#8221; header_text_color_phone=&#8221;#000000&#8243; header_text_color_last_edited=&#8221;on|phone&#8221; header_font_size_tablet=&#8221;18px&#8221; header_font_size_phone=&#8221;&#8221; header_font_size_last_edited=&#8221;on|tablet&#8221; meta_text_color_tablet=&#8221;&#8221; meta_text_color_phone=&#8221;#000000&#8243; meta_text_color_last_edited=&#8221;on|phone&#8221; read_more_text_color_tablet=&#8221;&#8221; read_more_text_color_phone=&#8221;#000000&#8243; read_more_text_color_last_edited=&#8221;on|desktop&#8221; custom_css_title=&#8221;font-weight:400 !important;||padding: 5px 35px 27px 53.5%;||order: 2;&#8221; custom_css_post_meta=&#8221;font-weight:400 !important;||width:100%;||padding-left:0;||padding-top:44px;||text-indent:-7px;||overflow:hidden;||    order: 1;||&#8221; custom_css_read_more=&#8221;font-weight:400 !important;||padding: 0;&#8221; custom_css_read_more__hover_enabled=&#8221;off|desktop&#8221; custom_css_read_more_last_edited=&#8221;off|desktop&#8221; custom_css_title_last_edited=&#8221;off|tablet&#8221; custom_css_title_tablet=&#8221;font-weight:400 !important;||padding: 65px 30px 52px 57%;||&#8221; custom_css_title_phone=&#8221;font-weight:400 !important;||padding: 74px 35px 47px 30%;&#8221; custom_css_read_more_phone=&#8221;font-weight:400 !important;||padding: 1px 1px 1px 31%;&#8221; custom_css_post_meta_last_edited=&#8221;off|desktop&#8221; custom_css_post_meta_phone=&#8221;position: unset;&#8221; read_more_text_color__hover_enabled=&#8221;on|hover&#8221; read_more_text_color__hover=&#8221;#e02b20&#8243;][\/et_pb_blog][\/et_pb_column][\/et_pb_row][\/et_pb_section]<\/p>\n","protected":false},"excerpt":{"rendered":"<p>Cooperaci\u00f3 InternacionalIAP ent\u00e9n la cooperaci\u00f3 com un mecanisme de solidaritat i suport entre organitzacions del Nord i Sud global per a fomentar la capacitat d&#8217;exig\u00e8ncia i protecci\u00f3 del respecte als Drets Humans per part de l&#8217;Estat. Al marge de l&#8217;acompanyament internacional, IAP coordina al costat d&#8217;organitzacions camperoles i d&#8217;excombatents en proc\u00e9s de reincorporaci\u00f3 diferents projectes [&hellip;]<\/p>\n","protected":false},"author":3,"featured_media":0,"parent":0,"menu_order":23,"comment_status":"closed","ping_status":"closed","template":"","meta":{"_et_pb_use_builder":"on","_et_pb_old_content":"","_et_gb_content_width":"","footnotes":""},"class_list":["post-359153","page","type-page","status-publish","hentry"],"yoast_head":"<!-- This site is optimized with the Yoast SEO plugin v27.5 - https:\/\/yoast.com\/product\/yoast-seo-wordpress\/ -->\n<title>Cooperaci\u00f3 Internacional - IAP | International Action For Peace<\/title>\n<meta name=\"robots\" content=\"index, follow, max-snippet:-1, max-image-preview:large, max-video-preview:-1\" \/>\n<link rel=\"canonical\" href=\"https:\/\/vigorous-einstein.82-165-3-172.plesk.page\/ca\/cooperacio-internacional\/\" \/>\n<meta property=\"og:locale\" content=\"ca_ES\" \/>\n<meta property=\"og:type\" content=\"article\" \/>\n<meta property=\"og:title\" content=\"Cooperaci\u00f3 Internacional - IAP | International Action For Peace\" \/>\n<meta property=\"og:description\" content=\"Cooperaci\u00f3 InternacionalIAP ent\u00e9n la cooperaci\u00f3 com un mecanisme de solidaritat i suport entre organitzacions del Nord i Sud global per a fomentar la capacitat d&#039;exig\u00e8ncia i protecci\u00f3 del respecte als Drets Humans per part de l&#039;Estat. Al marge de l&#039;acompanyament internacional, IAP coordina al costat d&#039;organitzacions camperoles i d&#039;excombatents en proc\u00e9s de reincorporaci\u00f3 diferents projectes [&hellip;]\" \/>\n<meta property=\"og:url\" content=\"https:\/\/vigorous-einstein.82-165-3-172.plesk.page\/ca\/cooperacio-internacional\/\" \/>\n<meta property=\"og:site_name\" content=\"IAP | International Action For Peace\" \/>\n<meta property=\"article:publisher\" content=\"https:\/\/www.facebook.com\/IapActionpeace\" \/>\n<meta property=\"article:modified_time\" content=\"2023-01-10T10:14:53+00:00\" \/>\n<meta name=\"twitter:card\" content=\"summary_large_image\" \/>\n<meta name=\"twitter:site\" content=\"@iap_actionpeace\" \/>\n<meta name=\"twitter:label1\" content=\"Temps estimat de lectura\" \/>\n\t<meta name=\"twitter:data1\" content=\"6 minuts\" \/>\n<script type=\"application\/ld+json\" class=\"yoast-schema-graph\">{\"@context\":\"https:\\\/\\\/schema.org\",\"@graph\":[{\"@type\":\"WebPage\",\"@id\":\"https:\\\/\\\/vigorous-einstein.82-165-3-172.plesk.page\\\/ca\\\/cooperacio-internacional\\\/\",\"url\":\"https:\\\/\\\/vigorous-einstein.82-165-3-172.plesk.page\\\/ca\\\/cooperacio-internacional\\\/\",\"name\":\"Cooperaci\u00f3 Internacional - IAP | International Action For Peace\",\"isPartOf\":{\"@id\":\"https:\\\/\\\/vigorous-einstein.82-165-3-172.plesk.page\\\/ca\\\/#website\"},\"datePublished\":\"2017-06-17T15:12:33+00:00\",\"dateModified\":\"2023-01-10T10:14:53+00:00\",\"breadcrumb\":{\"@id\":\"https:\\\/\\\/vigorous-einstein.82-165-3-172.plesk.page\\\/ca\\\/cooperacio-internacional\\\/#breadcrumb\"},\"inLanguage\":\"ca\",\"potentialAction\":[{\"@type\":\"ReadAction\",\"target\":[\"https:\\\/\\\/vigorous-einstein.82-165-3-172.plesk.page\\\/ca\\\/cooperacio-internacional\\\/\"]}]},{\"@type\":\"BreadcrumbList\",\"@id\":\"https:\\\/\\\/vigorous-einstein.82-165-3-172.plesk.page\\\/ca\\\/cooperacio-internacional\\\/#breadcrumb\",\"itemListElement\":[{\"@type\":\"ListItem\",\"position\":1,\"name\":\"Inici\",\"item\":\"https:\\\/\\\/vigorous-einstein.82-165-3-172.plesk.page\\\/ca\\\/\"},{\"@type\":\"ListItem\",\"position\":2,\"name\":\"Cooperaci\u00f3 Internacional\"}]},{\"@type\":\"WebSite\",\"@id\":\"https:\\\/\\\/vigorous-einstein.82-165-3-172.plesk.page\\\/ca\\\/#website\",\"url\":\"https:\\\/\\\/vigorous-einstein.82-165-3-172.plesk.page\\\/ca\\\/\",\"name\":\"IAP | International Action For Peace\",\"description\":\"IAP\",\"publisher\":{\"@id\":\"https:\\\/\\\/vigorous-einstein.82-165-3-172.plesk.page\\\/ca\\\/#organization\"},\"potentialAction\":[{\"@type\":\"SearchAction\",\"target\":{\"@type\":\"EntryPoint\",\"urlTemplate\":\"https:\\\/\\\/vigorous-einstein.82-165-3-172.plesk.page\\\/ca\\\/?s={search_term_string}\"},\"query-input\":{\"@type\":\"PropertyValueSpecification\",\"valueRequired\":true,\"valueName\":\"search_term_string\"}}],\"inLanguage\":\"ca\"},{\"@type\":\"Organization\",\"@id\":\"https:\\\/\\\/vigorous-einstein.82-165-3-172.plesk.page\\\/ca\\\/#organization\",\"name\":\"Action Peace\",\"url\":\"https:\\\/\\\/vigorous-einstein.82-165-3-172.plesk.page\\\/ca\\\/\",\"logo\":{\"@type\":\"ImageObject\",\"inLanguage\":\"ca\",\"@id\":\"https:\\\/\\\/vigorous-einstein.82-165-3-172.plesk.page\\\/ca\\\/#\\\/schema\\\/logo\\\/image\\\/\",\"url\":\"https:\\\/\\\/vigorous-einstein.82-165-3-172.plesk.page\\\/wp-content\\\/uploads\\\/2022\\\/02\\\/logo-international-action-for-peace.png\",\"contentUrl\":\"https:\\\/\\\/vigorous-einstein.82-165-3-172.plesk.page\\\/wp-content\\\/uploads\\\/2022\\\/02\\\/logo-international-action-for-peace.png\",\"width\":650,\"height\":157,\"caption\":\"Action Peace\"},\"image\":{\"@id\":\"https:\\\/\\\/vigorous-einstein.82-165-3-172.plesk.page\\\/ca\\\/#\\\/schema\\\/logo\\\/image\\\/\"},\"sameAs\":[\"https:\\\/\\\/www.facebook.com\\\/IapActionpeace\",\"https:\\\/\\\/x.com\\\/iap_actionpeace\",\"https:\\\/\\\/www.instagram.com\\\/iap_actionpeace\\\/\",\"https:\\\/\\\/www.youtube.com\\\/channel\\\/UCk0Mst1cXUwqnpTjtjNYy3w\"]}]}<\/script>\n<!-- \/ Yoast SEO plugin. -->","yoast_head_json":{"title":"Cooperaci\u00f3 Internacional - IAP | International Action For Peace","robots":{"index":"index","follow":"follow","max-snippet":"max-snippet:-1","max-image-preview":"max-image-preview:large","max-video-preview":"max-video-preview:-1"},"canonical":"https:\/\/vigorous-einstein.82-165-3-172.plesk.page\/ca\/cooperacio-internacional\/","og_locale":"ca_ES","og_type":"article","og_title":"Cooperaci\u00f3 Internacional - IAP | International Action For Peace","og_description":"Cooperaci\u00f3 InternacionalIAP ent\u00e9n la cooperaci\u00f3 com un mecanisme de solidaritat i suport entre organitzacions del Nord i Sud global per a fomentar la capacitat d'exig\u00e8ncia i protecci\u00f3 del respecte als Drets Humans per part de l'Estat. Al marge de l'acompanyament internacional, IAP coordina al costat d'organitzacions camperoles i d'excombatents en proc\u00e9s de reincorporaci\u00f3 diferents projectes [&hellip;]","og_url":"https:\/\/vigorous-einstein.82-165-3-172.plesk.page\/ca\/cooperacio-internacional\/","og_site_name":"IAP | International Action For Peace","article_publisher":"https:\/\/www.facebook.com\/IapActionpeace","article_modified_time":"2023-01-10T10:14:53+00:00","twitter_card":"summary_large_image","twitter_site":"@iap_actionpeace","twitter_misc":{"Temps estimat de lectura":"6 minuts"},"schema":{"@context":"https:\/\/schema.org","@graph":[{"@type":"WebPage","@id":"https:\/\/vigorous-einstein.82-165-3-172.plesk.page\/ca\/cooperacio-internacional\/","url":"https:\/\/vigorous-einstein.82-165-3-172.plesk.page\/ca\/cooperacio-internacional\/","name":"Cooperaci\u00f3 Internacional - IAP | International Action For Peace","isPartOf":{"@id":"https:\/\/vigorous-einstein.82-165-3-172.plesk.page\/ca\/#website"},"datePublished":"2017-06-17T15:12:33+00:00","dateModified":"2023-01-10T10:14:53+00:00","breadcrumb":{"@id":"https:\/\/vigorous-einstein.82-165-3-172.plesk.page\/ca\/cooperacio-internacional\/#breadcrumb"},"inLanguage":"ca","potentialAction":[{"@type":"ReadAction","target":["https:\/\/vigorous-einstein.82-165-3-172.plesk.page\/ca\/cooperacio-internacional\/"]}]},{"@type":"BreadcrumbList","@id":"https:\/\/vigorous-einstein.82-165-3-172.plesk.page\/ca\/cooperacio-internacional\/#breadcrumb","itemListElement":[{"@type":"ListItem","position":1,"name":"Inici","item":"https:\/\/vigorous-einstein.82-165-3-172.plesk.page\/ca\/"},{"@type":"ListItem","position":2,"name":"Cooperaci\u00f3 Internacional"}]},{"@type":"WebSite","@id":"https:\/\/vigorous-einstein.82-165-3-172.plesk.page\/ca\/#website","url":"https:\/\/vigorous-einstein.82-165-3-172.plesk.page\/ca\/","name":"IAP | International Action For Peace","description":"IAP","publisher":{"@id":"https:\/\/vigorous-einstein.82-165-3-172.plesk.page\/ca\/#organization"},"potentialAction":[{"@type":"SearchAction","target":{"@type":"EntryPoint","urlTemplate":"https:\/\/vigorous-einstein.82-165-3-172.plesk.page\/ca\/?s={search_term_string}"},"query-input":{"@type":"PropertyValueSpecification","valueRequired":true,"valueName":"search_term_string"}}],"inLanguage":"ca"},{"@type":"Organization","@id":"https:\/\/vigorous-einstein.82-165-3-172.plesk.page\/ca\/#organization","name":"Action Peace","url":"https:\/\/vigorous-einstein.82-165-3-172.plesk.page\/ca\/","logo":{"@type":"ImageObject","inLanguage":"ca","@id":"https:\/\/vigorous-einstein.82-165-3-172.plesk.page\/ca\/#\/schema\/logo\/image\/","url":"https:\/\/vigorous-einstein.82-165-3-172.plesk.page\/wp-content\/uploads\/2022\/02\/logo-international-action-for-peace.png","contentUrl":"https:\/\/vigorous-einstein.82-165-3-172.plesk.page\/wp-content\/uploads\/2022\/02\/logo-international-action-for-peace.png","width":650,"height":157,"caption":"Action Peace"},"image":{"@id":"https:\/\/vigorous-einstein.82-165-3-172.plesk.page\/ca\/#\/schema\/logo\/image\/"},"sameAs":["https:\/\/www.facebook.com\/IapActionpeace","https:\/\/x.com\/iap_actionpeace","https:\/\/www.instagram.com\/iap_actionpeace\/","https:\/\/www.youtube.com\/channel\/UCk0Mst1cXUwqnpTjtjNYy3w"]}]}},"_links":{"self":[{"href":"https:\/\/vigorous-einstein.82-165-3-172.plesk.page\/ca\/wp-json\/wp\/v2\/pages\/359153","targetHints":{"allow":["GET"]}}],"collection":[{"href":"https:\/\/vigorous-einstein.82-165-3-172.plesk.page\/ca\/wp-json\/wp\/v2\/pages"}],"about":[{"href":"https:\/\/vigorous-einstein.82-165-3-172.plesk.page\/ca\/wp-json\/wp\/v2\/types\/page"}],"author":[{"embeddable":true,"href":"https:\/\/vigorous-einstein.82-165-3-172.plesk.page\/ca\/wp-json\/wp\/v2\/users\/3"}],"replies":[{"embeddable":true,"href":"https:\/\/vigorous-einstein.82-165-3-172.plesk.page\/ca\/wp-json\/wp\/v2\/comments?post=359153"}],"version-history":[{"count":6,"href":"https:\/\/vigorous-einstein.82-165-3-172.plesk.page\/ca\/wp-json\/wp\/v2\/pages\/359153\/revisions"}],"predecessor-version":[{"id":360592,"href":"https:\/\/vigorous-einstein.82-165-3-172.plesk.page\/ca\/wp-json\/wp\/v2\/pages\/359153\/revisions\/360592"}],"wp:attachment":[{"href":"https:\/\/vigorous-einstein.82-165-3-172.plesk.page\/ca\/wp-json\/wp\/v2\/media?parent=359153"}],"curies":[{"name":"wp","href":"https:\/\/api.w.org\/{rel}","templated":true}]}}