{"id":359194,"date":"2015-07-20T10:22:48","date_gmt":"2015-07-20T10:22:48","guid":{"rendered":"https:\/\/vigorous-einstein.82-165-3-172.plesk.page\/voluntariado\/"},"modified":"2022-05-17T15:49:56","modified_gmt":"2022-05-17T13:49:56","slug":"voluntariado","status":"publish","type":"page","link":"https:\/\/vigorous-einstein.82-165-3-172.plesk.page\/ca\/voluntariado\/","title":{"rendered":"Voluntariado"},"content":{"rendered":"<p>[et_pb_section fb_built=&#8221;1&#8243; admin_label=&#8221;section&#8221; _builder_version=&#8221;4.9.4&#8243; use_background_color_gradient=&#8221;on&#8221; background_color_gradient_start=&#8221;rgba(0,0,0,0.14)&#8221; background_color_gradient_end=&#8221;rgba(0,0,0,0.83)&#8221; background_color_gradient_direction=&#8221;1deg&#8221; background_color_gradient_overlays_image=&#8221;on&#8221; background_image=&#8221;https:\/\/vigorous-einstein.82-165-3-172.plesk.page\/wp-content\/uploads\/2021\/09\/MG_1370-scaled.jpg&#8221; custom_padding=&#8221;4vw||4vw||true|false&#8221;][et_pb_row admin_label=&#8221;row&#8221; _builder_version=&#8221;3.25&#8243; background_size=&#8221;initial&#8221; background_position=&#8221;top_left&#8221; background_repeat=&#8221;repeat&#8221;][et_pb_column type=&#8221;4_4&#8243; _builder_version=&#8221;3.25&#8243; custom_padding=&#8221;|||&#8221; custom_padding__hover=&#8221;|||&#8221;][et_pb_text admin_label=&#8221;Text&#8221; _builder_version=&#8221;4.9.4&#8243; text_font=&#8221;Montserrat||||||||&#8221; header_font=&#8221;|800|||||||&#8221; header_text_align=&#8221;center&#8221; header_text_color=&#8221;#FFFFFF&#8221; header_font_size=&#8221;45px&#8221; header_letter_spacing=&#8221;1px&#8221; header_2_font=&#8221;|800|||||||&#8221; header_2_text_color=&#8221;#f07d07&#8243; header_2_font_size=&#8221;45px&#8221; header_2_letter_spacing=&#8221;1px&#8221; header_3_font=&#8221;|800|||||||&#8221; header_3_text_color=&#8221;#f07d07&#8243; header_3_font_size=&#8221;45px&#8221; header_3_letter_spacing=&#8221;1px&#8221; header_4_font=&#8221;|800|||||||&#8221; header_4_text_color=&#8221;#f07d07&#8243; header_4_font_size=&#8221;45px&#8221; header_4_letter_spacing=&#8221;1px&#8221; header_5_font=&#8221;|800|||||||&#8221; header_5_text_color=&#8221;#f07d07&#8243; header_5_font_size=&#8221;45px&#8221; header_5_letter_spacing=&#8221;1px&#8221; header_6_font=&#8221;|800|||||||&#8221; header_6_text_color=&#8221;#f07d07&#8243; header_6_font_size=&#8221;45px&#8221; header_6_letter_spacing=&#8221;1px&#8221; background_size=&#8221;initial&#8221; background_position=&#8221;top_left&#8221; background_repeat=&#8221;repeat&#8221; header_font_size_tablet=&#8221;25px&#8221; header_font_size_phone=&#8221;&#8221; header_font_size_last_edited=&#8221;on|desktop&#8221; header_2_font_size_tablet=&#8221;25px&#8221; header_2_font_size_phone=&#8221;&#8221; header_2_font_size_last_edited=&#8221;on|desktop&#8221; header_3_font_size_tablet=&#8221;25px&#8221; header_3_font_size_phone=&#8221;&#8221; header_3_font_size_last_edited=&#8221;on|desktop&#8221; header_4_font_size_tablet=&#8221;25px&#8221; header_4_font_size_phone=&#8221;&#8221; header_4_font_size_last_edited=&#8221;on|desktop&#8221; header_5_font_size_tablet=&#8221;25px&#8221; header_5_font_size_phone=&#8221;&#8221; header_5_font_size_last_edited=&#8221;on|desktop&#8221; header_6_font_size_tablet=&#8221;25px&#8221; header_6_font_size_phone=&#8221;&#8221; header_6_font_size_last_edited=&#8221;on|desktop&#8221;]<\/p>\n<h1>Voluntariat Internacional<\/h1>\n<p>[\/et_pb_text][\/et_pb_column][\/et_pb_row][\/et_pb_section][et_pb_section fb_built=&#8221;1&#8243; admin_label=&#8221;Volunteering&#8221; _builder_version=&#8221;3.22&#8243; background_color=&#8221;#f7f7f7&#8243; custom_padding=&#8221;5vw||5vw||true&#8221; locked=&#8221;off&#8221;][et_pb_row _builder_version=&#8221;4.9.4&#8243; _module_preset=&#8221;default&#8221; max_width=&#8221;80%&#8221;][et_pb_column type=&#8221;4_4&#8243; _builder_version=&#8221;4.9.4&#8243; _module_preset=&#8221;default&#8221;][et_pb_text _builder_version=&#8221;4.9.4&#8243; _module_preset=&#8221;default&#8221; text_font=&#8221;Montserrat||||||||&#8221; text_text_color=&#8221;#000000&#8243; hover_enabled=&#8221;0&#8243; sticky_enabled=&#8221;0&#8243;]<\/p>\n<p style=\"text-align: justify;\">El <strong>voluntariat internacional<\/strong> d\u2019IAP\u00a0permet <strong>con\u00e8ixer de primera m\u00e0<\/strong> la realitat de les zones rurals a Col\u00f2mbia i aporta una visi\u00f3 en profunditat del conflicte pol\u00edtic, econ\u00f2mic, social i armat, que encara avui existeix en un dels pa\u00efsos m\u00e9s desiguals d&#8217;Am\u00e8rica Llatina. \u00c9s una experi\u00e8ncia exigent i apassionant, en la qual la <strong>conviv\u00e8ncia amb les comunitats<\/strong> suposa un aprenentatge diari i un intercanvi de mirades, valors i vincles de solidaritat internacional.<\/p>\n<p>[\/et_pb_text][\/et_pb_column][\/et_pb_row][\/et_pb_section][et_pb_section fb_built=&#8221;1&#8243; admin_label=&#8221;Volunteering&#8221; _builder_version=&#8221;4.9.4&#8243; background_enable_color=&#8221;off&#8221; custom_padding=&#8221;2vw||2vw||true|&#8221; locked=&#8221;off&#8221;][et_pb_row _builder_version=&#8221;4.9.4&#8243; _module_preset=&#8221;default&#8221;][et_pb_column type=&#8221;4_4&#8243; _builder_version=&#8221;4.9.4&#8243; _module_preset=&#8221;default&#8221;][et_pb_text _builder_version=&#8221;4.9.4&#8243; _module_preset=&#8221;default&#8221; text_font=&#8221;Montserrat|300|||||||&#8221; text_text_color=&#8221;#000000&#8243; text_letter_spacing=&#8221;5px&#8221; text_line_height=&#8221;2.5em&#8221; header_font=&#8221;|800|||||||&#8221; header_text_color=&#8221;#f07d07&#8243; header_font_size=&#8221;45px&#8221; header_letter_spacing=&#8221;1px&#8221; header_2_font=&#8221;|800|||||||&#8221; header_2_text_color=&#8221;#f07d07&#8243; header_2_font_size=&#8221;45px&#8221; header_2_letter_spacing=&#8221;1px&#8221; header_3_font=&#8221;|800|||||||&#8221; header_3_text_color=&#8221;#f07d07&#8243; header_3_font_size=&#8221;45px&#8221; header_3_letter_spacing=&#8221;1px&#8221; header_4_font=&#8221;|800|||||||&#8221; header_4_text_color=&#8221;#f07d07&#8243; header_4_font_size=&#8221;45px&#8221; header_4_letter_spacing=&#8221;1px&#8221; header_5_font=&#8221;|800|||||||&#8221; header_5_text_color=&#8221;#f07d07&#8243; header_5_font_size=&#8221;45px&#8221; header_5_letter_spacing=&#8221;1px&#8221; header_6_font=&#8221;|800|||||||&#8221; header_6_text_color=&#8221;#f07d07&#8243; header_6_font_size=&#8221;45px&#8221; header_6_letter_spacing=&#8221;1px&#8221; hover_enabled=&#8221;0&#8243; header_font_size_tablet=&#8221;25px&#8221; header_font_size_phone=&#8221;&#8221; header_font_size_last_edited=&#8221;on|desktop&#8221; header_2_font_size_tablet=&#8221;25px&#8221; header_2_font_size_phone=&#8221;&#8221; header_2_font_size_last_edited=&#8221;on|desktop&#8221; header_3_font_size_tablet=&#8221;25px&#8221; header_3_font_size_phone=&#8221;&#8221; header_3_font_size_last_edited=&#8221;on|desktop&#8221; header_4_font_size_tablet=&#8221;25px&#8221; header_4_font_size_phone=&#8221;&#8221; header_4_font_size_last_edited=&#8221;on|desktop&#8221; header_5_font_size_tablet=&#8221;25px&#8221; header_5_font_size_phone=&#8221;&#8221; header_5_font_size_last_edited=&#8221;on|desktop&#8221; header_6_font_size_tablet=&#8221;25px&#8221; header_6_font_size_phone=&#8221;&#8221; header_6_font_size_last_edited=&#8221;on|desktop&#8221; sticky_enabled=&#8221;0&#8243;]<\/p>\n<h1 style=\"text-align: center;\">Coneix a les persones volunt\u00e0ries<\/h1>\n<p>[\/et_pb_text][\/et_pb_column][\/et_pb_row][\/et_pb_section][et_pb_section fb_built=&#8221;1&#8243; admin_label=&#8221;Every One Gallery &#8211; Freddie&#8221; module_class=&#8221;freddie_gallery_every_one&#8221; _builder_version=&#8221;4.0.6&#8243;][et_pb_row admin_label=&#8221;Every One Gallery &#8211; Freddie &#8211; Row&#8221; _builder_version=&#8221;4.0.6&#8243; width=&#8221;90%&#8221; max_width=&#8221;1170px&#8221;][et_pb_column type=&#8221;4_4&#8243; _builder_version=&#8221;4.0.6&#8243;][et_pb_gallery gallery_ids=&#8221;357934,357936,357938,357940,357942,357944,357946,357948,357950,357952,357956,357958,357960,357962,357964,357966,357968&#8243; posts_number=&#8221;12&#8243; orientation=&#8221;portrait&#8221; zoom_icon_color=&#8221;#000000&#8243; hover_overlay_color=&#8221;rgba(255,255,255,0)&#8221; hover_icon=&#8221;%%51%%&#8221; admin_label=&#8221;Every One Gallery &#8211; Freddie &#8211; Gallery&#8221; _builder_version=&#8221;4.9.4&#8243; title_font=&#8221;Roboto|500|||||||&#8221; title_font_size=&#8221;20px&#8221; title_letter_spacing=&#8221;0.3px&#8221; title_line_height=&#8221;120%&#8221; pagination_font=&#8221;Roboto|500|||||||&#8221; pagination_text_align=&#8221;center&#8221; pagination_text_color=&#8221;#000000&#8243; pagination_line_height=&#8221;2.2em&#8221; custom_css_gallery_item_title=&#8221;position: absolute;||    top: 50%;||    transform: translate(0px, -50%);||    z-index: 20;||    width: 100%;||    padding: 0 15%;||    text-align: center;||    margin: 0;||transition: 0.3s;||opacity: 0;&#8221; custom_css_gallery_pagination=&#8221;border: none!important;||    line-height: 100%;||    text-align: center;||    margin-top: 9px;&#8221; custom_css_gallery_pagination_active=&#8221;font-size: 24px;||||&#8221;][\/et_pb_gallery][\/et_pb_column][\/et_pb_row][\/et_pb_section]<\/p>\n","protected":false},"excerpt":{"rendered":"<p>Voluntariat InternacionalEl voluntariat internacional d\u2019IAP\u00a0permet con\u00e8ixer de primera m\u00e0 la realitat de les zones rurals a Col\u00f2mbia i aporta una visi\u00f3 en profunditat del conflicte pol\u00edtic, econ\u00f2mic, social i armat, que encara avui existeix en un dels pa\u00efsos m\u00e9s desiguals d&#8217;Am\u00e8rica Llatina. \u00c9s una experi\u00e8ncia exigent i apassionant, en la qual la conviv\u00e8ncia amb les [&hellip;]<\/p>\n","protected":false},"author":3,"featured_media":0,"parent":0,"menu_order":18,"comment_status":"open","ping_status":"open","template":"","meta":{"_et_pb_use_builder":"on","_et_pb_old_content":"IAP naci\u00f3 de la <strong>motivaci\u00f3n y trabajo<\/strong> de personas que, de forma voluntaria, decidieron dedicar su tiempo y esfuerzo a la <strong>protecci\u00f3n de defensores y defensoras<\/strong> de derechos humanos en Colombia. En todos estos a\u00f1os, han colaborado con nosotros decenas de personas de muy distinta procedencia y forma de ser pero con una misma determinaci\u00f3n de aportar sus capacidades y energ\u00edas a la cultura de paz y la solidaridad internacional.\r\n\r\nEl <a href=\"https:\/\/vigorous-einstein.82-165-3-172.plesk.page\/voluntariado\/voluntariado-internacional\/\" target=\"_blank\" rel=\"noopener noreferrer\"><strong>voluntariado internacional<\/strong> <\/a>de IAP permite conocer de <strong>primera mano<\/strong> la realidad de las <strong>zonas rurales en Colombi<\/strong>a, y aporta una visi\u00f3n en profundidad del conflicto pol\u00edtico, econ\u00f3mico, social y armado que a\u00fan hoy existe en uno de los pa\u00edses m\u00e1s desiguales de Am\u00e9rica Latina. Es una experiencia exigente y apasionante, en la que la convivencia con las comunidades supone un aprendizaje diario y un <strong>intercambio<\/strong> de miradas, valores y v\u00ednculos de solidaridad internacional.\r\n\r\nAdem\u00e1s, tambi\u00e9n puedes <strong>colaborar con nosotros desde tu ciudad<\/strong>, en actividades de difusi\u00f3n, sensibilizaci\u00f3n y Educaci\u00f3n para el Desarrollo. Si tienes tiempo y ganas de <strong>aportar a la construcci\u00f3n de paz<\/strong> y la defensa de los derechos humanos, <a href=\"https:\/\/vigorous-einstein.82-165-3-172.plesk.page\/contacto\/\" target=\"_blank\" rel=\"noopener noreferrer\">cont\u00e1ctanos<\/a>.\r\n\r\n<strong>La pr\u00f3xima convocatoria para voluntariado internacional se abrir\u00e1 en los pr\u00f3ximos meses. <\/strong>","_et_gb_content_width":"","footnotes":""},"class_list":["post-359194","page","type-page","status-publish","hentry"],"yoast_head":"<!-- This site is optimized with the Yoast SEO plugin v27.5 - https:\/\/yoast.com\/product\/yoast-seo-wordpress\/ -->\n<title>Voluntariado - IAP | International Action For Peace<\/title>\n<meta name=\"robots\" content=\"index, follow, max-snippet:-1, max-image-preview:large, max-video-preview:-1\" \/>\n<link rel=\"canonical\" href=\"https:\/\/vigorous-einstein.82-165-3-172.plesk.page\/ca\/voluntariado\/\" \/>\n<meta property=\"og:locale\" content=\"ca_ES\" \/>\n<meta property=\"og:type\" content=\"article\" \/>\n<meta property=\"og:title\" content=\"Voluntariado - IAP | International Action For Peace\" \/>\n<meta property=\"og:description\" content=\"Voluntariat InternacionalEl voluntariat internacional d\u2019IAP\u00a0permet con\u00e8ixer de primera m\u00e0 la realitat de les zones rurals a Col\u00f2mbia i aporta una visi\u00f3 en profunditat del conflicte pol\u00edtic, econ\u00f2mic, social i armat, que encara avui existeix en un dels pa\u00efsos m\u00e9s desiguals d&#039;Am\u00e8rica Llatina. \u00c9s una experi\u00e8ncia exigent i apassionant, en la qual la conviv\u00e8ncia amb les [&hellip;]\" \/>\n<meta property=\"og:url\" content=\"https:\/\/vigorous-einstein.82-165-3-172.plesk.page\/ca\/voluntariado\/\" \/>\n<meta property=\"og:site_name\" content=\"IAP | International Action For Peace\" \/>\n<meta property=\"article:publisher\" content=\"https:\/\/www.facebook.com\/IapActionpeace\" \/>\n<meta property=\"article:modified_time\" content=\"2022-05-17T13:49:56+00:00\" \/>\n<meta name=\"twitter:card\" content=\"summary_large_image\" \/>\n<meta name=\"twitter:site\" content=\"@iap_actionpeace\" \/>\n<meta name=\"twitter:label1\" content=\"Temps estimat de lectura\" \/>\n\t<meta name=\"twitter:data1\" content=\"4 minuts\" \/>\n<script type=\"application\/ld+json\" class=\"yoast-schema-graph\">{\"@context\":\"https:\\\/\\\/schema.org\",\"@graph\":[{\"@type\":\"WebPage\",\"@id\":\"https:\\\/\\\/vigorous-einstein.82-165-3-172.plesk.page\\\/ca\\\/voluntariado\\\/\",\"url\":\"https:\\\/\\\/vigorous-einstein.82-165-3-172.plesk.page\\\/ca\\\/voluntariado\\\/\",\"name\":\"Voluntariado - IAP | International Action For Peace\",\"isPartOf\":{\"@id\":\"https:\\\/\\\/vigorous-einstein.82-165-3-172.plesk.page\\\/ca\\\/#website\"},\"datePublished\":\"2015-07-20T10:22:48+00:00\",\"dateModified\":\"2022-05-17T13:49:56+00:00\",\"breadcrumb\":{\"@id\":\"https:\\\/\\\/vigorous-einstein.82-165-3-172.plesk.page\\\/ca\\\/voluntariado\\\/#breadcrumb\"},\"inLanguage\":\"ca\",\"potentialAction\":[{\"@type\":\"ReadAction\",\"target\":[\"https:\\\/\\\/vigorous-einstein.82-165-3-172.plesk.page\\\/ca\\\/voluntariado\\\/\"]}]},{\"@type\":\"BreadcrumbList\",\"@id\":\"https:\\\/\\\/vigorous-einstein.82-165-3-172.plesk.page\\\/ca\\\/voluntariado\\\/#breadcrumb\",\"itemListElement\":[{\"@type\":\"ListItem\",\"position\":1,\"name\":\"Inici\",\"item\":\"https:\\\/\\\/vigorous-einstein.82-165-3-172.plesk.page\\\/ca\\\/\"},{\"@type\":\"ListItem\",\"position\":2,\"name\":\"Voluntariado\"}]},{\"@type\":\"WebSite\",\"@id\":\"https:\\\/\\\/vigorous-einstein.82-165-3-172.plesk.page\\\/ca\\\/#website\",\"url\":\"https:\\\/\\\/vigorous-einstein.82-165-3-172.plesk.page\\\/ca\\\/\",\"name\":\"IAP | International Action For Peace\",\"description\":\"IAP\",\"publisher\":{\"@id\":\"https:\\\/\\\/vigorous-einstein.82-165-3-172.plesk.page\\\/ca\\\/#organization\"},\"potentialAction\":[{\"@type\":\"SearchAction\",\"target\":{\"@type\":\"EntryPoint\",\"urlTemplate\":\"https:\\\/\\\/vigorous-einstein.82-165-3-172.plesk.page\\\/ca\\\/?s={search_term_string}\"},\"query-input\":{\"@type\":\"PropertyValueSpecification\",\"valueRequired\":true,\"valueName\":\"search_term_string\"}}],\"inLanguage\":\"ca\"},{\"@type\":\"Organization\",\"@id\":\"https:\\\/\\\/vigorous-einstein.82-165-3-172.plesk.page\\\/ca\\\/#organization\",\"name\":\"Action Peace\",\"url\":\"https:\\\/\\\/vigorous-einstein.82-165-3-172.plesk.page\\\/ca\\\/\",\"logo\":{\"@type\":\"ImageObject\",\"inLanguage\":\"ca\",\"@id\":\"https:\\\/\\\/vigorous-einstein.82-165-3-172.plesk.page\\\/ca\\\/#\\\/schema\\\/logo\\\/image\\\/\",\"url\":\"https:\\\/\\\/vigorous-einstein.82-165-3-172.plesk.page\\\/wp-content\\\/uploads\\\/2022\\\/02\\\/logo-international-action-for-peace.png\",\"contentUrl\":\"https:\\\/\\\/vigorous-einstein.82-165-3-172.plesk.page\\\/wp-content\\\/uploads\\\/2022\\\/02\\\/logo-international-action-for-peace.png\",\"width\":650,\"height\":157,\"caption\":\"Action Peace\"},\"image\":{\"@id\":\"https:\\\/\\\/vigorous-einstein.82-165-3-172.plesk.page\\\/ca\\\/#\\\/schema\\\/logo\\\/image\\\/\"},\"sameAs\":[\"https:\\\/\\\/www.facebook.com\\\/IapActionpeace\",\"https:\\\/\\\/x.com\\\/iap_actionpeace\",\"https:\\\/\\\/www.instagram.com\\\/iap_actionpeace\\\/\",\"https:\\\/\\\/www.youtube.com\\\/channel\\\/UCk0Mst1cXUwqnpTjtjNYy3w\"]}]}<\/script>\n<!-- \/ Yoast SEO plugin. -->","yoast_head_json":{"title":"Voluntariado - IAP | International Action For Peace","robots":{"index":"index","follow":"follow","max-snippet":"max-snippet:-1","max-image-preview":"max-image-preview:large","max-video-preview":"max-video-preview:-1"},"canonical":"https:\/\/vigorous-einstein.82-165-3-172.plesk.page\/ca\/voluntariado\/","og_locale":"ca_ES","og_type":"article","og_title":"Voluntariado - IAP | International Action For Peace","og_description":"Voluntariat InternacionalEl voluntariat internacional d\u2019IAP\u00a0permet con\u00e8ixer de primera m\u00e0 la realitat de les zones rurals a Col\u00f2mbia i aporta una visi\u00f3 en profunditat del conflicte pol\u00edtic, econ\u00f2mic, social i armat, que encara avui existeix en un dels pa\u00efsos m\u00e9s desiguals d'Am\u00e8rica Llatina. \u00c9s una experi\u00e8ncia exigent i apassionant, en la qual la conviv\u00e8ncia amb les [&hellip;]","og_url":"https:\/\/vigorous-einstein.82-165-3-172.plesk.page\/ca\/voluntariado\/","og_site_name":"IAP | International Action For Peace","article_publisher":"https:\/\/www.facebook.com\/IapActionpeace","article_modified_time":"2022-05-17T13:49:56+00:00","twitter_card":"summary_large_image","twitter_site":"@iap_actionpeace","twitter_misc":{"Temps estimat de lectura":"4 minuts"},"schema":{"@context":"https:\/\/schema.org","@graph":[{"@type":"WebPage","@id":"https:\/\/vigorous-einstein.82-165-3-172.plesk.page\/ca\/voluntariado\/","url":"https:\/\/vigorous-einstein.82-165-3-172.plesk.page\/ca\/voluntariado\/","name":"Voluntariado - IAP | International Action For Peace","isPartOf":{"@id":"https:\/\/vigorous-einstein.82-165-3-172.plesk.page\/ca\/#website"},"datePublished":"2015-07-20T10:22:48+00:00","dateModified":"2022-05-17T13:49:56+00:00","breadcrumb":{"@id":"https:\/\/vigorous-einstein.82-165-3-172.plesk.page\/ca\/voluntariado\/#breadcrumb"},"inLanguage":"ca","potentialAction":[{"@type":"ReadAction","target":["https:\/\/vigorous-einstein.82-165-3-172.plesk.page\/ca\/voluntariado\/"]}]},{"@type":"BreadcrumbList","@id":"https:\/\/vigorous-einstein.82-165-3-172.plesk.page\/ca\/voluntariado\/#breadcrumb","itemListElement":[{"@type":"ListItem","position":1,"name":"Inici","item":"https:\/\/vigorous-einstein.82-165-3-172.plesk.page\/ca\/"},{"@type":"ListItem","position":2,"name":"Voluntariado"}]},{"@type":"WebSite","@id":"https:\/\/vigorous-einstein.82-165-3-172.plesk.page\/ca\/#website","url":"https:\/\/vigorous-einstein.82-165-3-172.plesk.page\/ca\/","name":"IAP | International Action For Peace","description":"IAP","publisher":{"@id":"https:\/\/vigorous-einstein.82-165-3-172.plesk.page\/ca\/#organization"},"potentialAction":[{"@type":"SearchAction","target":{"@type":"EntryPoint","urlTemplate":"https:\/\/vigorous-einstein.82-165-3-172.plesk.page\/ca\/?s={search_term_string}"},"query-input":{"@type":"PropertyValueSpecification","valueRequired":true,"valueName":"search_term_string"}}],"inLanguage":"ca"},{"@type":"Organization","@id":"https:\/\/vigorous-einstein.82-165-3-172.plesk.page\/ca\/#organization","name":"Action Peace","url":"https:\/\/vigorous-einstein.82-165-3-172.plesk.page\/ca\/","logo":{"@type":"ImageObject","inLanguage":"ca","@id":"https:\/\/vigorous-einstein.82-165-3-172.plesk.page\/ca\/#\/schema\/logo\/image\/","url":"https:\/\/vigorous-einstein.82-165-3-172.plesk.page\/wp-content\/uploads\/2022\/02\/logo-international-action-for-peace.png","contentUrl":"https:\/\/vigorous-einstein.82-165-3-172.plesk.page\/wp-content\/uploads\/2022\/02\/logo-international-action-for-peace.png","width":650,"height":157,"caption":"Action Peace"},"image":{"@id":"https:\/\/vigorous-einstein.82-165-3-172.plesk.page\/ca\/#\/schema\/logo\/image\/"},"sameAs":["https:\/\/www.facebook.com\/IapActionpeace","https:\/\/x.com\/iap_actionpeace","https:\/\/www.instagram.com\/iap_actionpeace\/","https:\/\/www.youtube.com\/channel\/UCk0Mst1cXUwqnpTjtjNYy3w"]}]}},"_links":{"self":[{"href":"https:\/\/vigorous-einstein.82-165-3-172.plesk.page\/ca\/wp-json\/wp\/v2\/pages\/359194","targetHints":{"allow":["GET"]}}],"collection":[{"href":"https:\/\/vigorous-einstein.82-165-3-172.plesk.page\/ca\/wp-json\/wp\/v2\/pages"}],"about":[{"href":"https:\/\/vigorous-einstein.82-165-3-172.plesk.page\/ca\/wp-json\/wp\/v2\/types\/page"}],"author":[{"embeddable":true,"href":"https:\/\/vigorous-einstein.82-165-3-172.plesk.page\/ca\/wp-json\/wp\/v2\/users\/3"}],"replies":[{"embeddable":true,"href":"https:\/\/vigorous-einstein.82-165-3-172.plesk.page\/ca\/wp-json\/wp\/v2\/comments?post=359194"}],"version-history":[{"count":7,"href":"https:\/\/vigorous-einstein.82-165-3-172.plesk.page\/ca\/wp-json\/wp\/v2\/pages\/359194\/revisions"}],"predecessor-version":[{"id":359403,"href":"https:\/\/vigorous-einstein.82-165-3-172.plesk.page\/ca\/wp-json\/wp\/v2\/pages\/359194\/revisions\/359403"}],"wp:attachment":[{"href":"https:\/\/vigorous-einstein.82-165-3-172.plesk.page\/ca\/wp-json\/wp\/v2\/media?parent=359194"}],"curies":[{"name":"wp","href":"https:\/\/api.w.org\/{rel}","templated":true}]}}